{"id":1025,"date":"2023-04-11T17:56:43","date_gmt":"2023-04-11T15:56:43","guid":{"rendered":"http:\/\/sviluppo2.inspiresc.it\/?page_id=1025"},"modified":"2023-04-12T10:49:41","modified_gmt":"2023-04-12T08:49:41","slug":"metamorfosi-2","status":"publish","type":"page","link":"https:\/\/sviluppo2.inspiresc.it\/index.php\/metamorfosi-2\/","title":{"rendered":"Metamorfosi"},"content":{"rendered":"<p><img decoding=\"async\" src=\"\/wp-content\/uploads\/2023\/04\/bertoja_piccola.jpg\" alt=\"\"><\/p>\n<div>\n<h4><strong>Riflessioni a margine<\/strong><\/h4>\n<p>a cura della Dott.ssa Elisa Bertoja<br \/>Assistente sociale e Criminologa sociale<\/p>\n<\/div>\n<p><img decoding=\"async\" src=\"\/wp-content\/uploads\/2023\/04\/metamorfosi_foto.jpg\" alt=\"\"><\/p>\n<h3>Metamorfosi<\/h3>\n<div>\n<p style=\"text-align: left;\"><em>\u2026sono solo. <\/em><\/p>\n<p style=\"text-align: left;\"><em>\u00c8 l\u2019unico momento in cui sento di poter essere me stesso, anche se non so chi sono ne chi vorrei essere. Nel corso del tempo ho provato ad essere cos\u00ec tante persone da farmi girare la testa. Mi sono illuso cos\u00ec tante volte. Mi sembra un tunnel, un vortice, una montagna russa. Per\u00f2 da qui non cado. Sono sull\u2019orlo ma non in bilico. Sono fermo. Le ore non passano. Mi sento al sicuro.<\/em><\/p>\n<p style=\"text-align: left;\"><em>Lui vorrebbe che cenassi con loro a tavola, con lei e con Anna. Ma a me non interessa, ho da fare. Lo schermo mi fa compagnia. Del cellulare. Del pc. Di qualsiasi cosa che non sia una persona in carne ed ossa. Perch\u00e9 sono stufo. Stanco di dover apparire, di dover far finta di essere parte di qualcosa. Mi sento cos\u00ec diverso da loro. Cos\u00ec diverso da tutti.<\/em><\/p>\n<p style=\"text-align: left;\"><em>Di giorno dormo. Mi sveglio tardi, quando loro sono a lavoro ed Anna \u00e8 all\u2019universit\u00e0. Vado in bagno veloce e mi metto la felpa sul pigiama. Poi mi rimetto a dormire. Al massimo fumo una sigaretta. Non sul balcone. Apro la finestra e fumo mezzo dentro e mezzo fuori. Cos\u00ec come sono. Mezzo dentro e mezzo fuori.<\/em><\/p>\n<p style=\"text-align: left;\"><em>Fino a qualche mese fa mi alzavo anch\u2019io, mi lavavo e andavo a scuola. Vedevo Marco, Ale, Silvio e gli altri. Il sabato sera facevo tardi e la domenica andavo dai nonni a pranzo. Fino a qualche mese fa. Adesso \u00e8 diverso. Adesso non mi va. E non voglio che insistano. Non me frega se insistono. Io dallo psicologo non vado. Da quello strizzacervelli non ci metto piede. Ci vadano loro. Provino a capirmi. Provino a capirsi. Gi\u00e0 che urlano e si danno colpe che nemmeno so se hanno. Si sono rivolti anche ad un\u2019associazione per parlare di me. <\/em><\/p>\n<p style=\"text-align: left;\"><em>Mi sono diplomato con 100 al pni. Volevo fare scienze politiche ma lui ha voluto che mi iscrivessi a ingegneria. C\u2019ho provato e qualche volta ho anche aperto i libri. Ho provato anche a seguire le lezioni e i primi mesi ho frequentato. Ho conosciuto gente davvero brava. Gente che davvero merita di diventare ingegnere. C\u2019ho provato a dare analisi 1. Ma poi non sono andato. Magari la prossima sessione ritento. <\/em><\/p>\n<p style=\"text-align: left;\"><em>Lei mi lascia il cibo fuori dalla porta. Anna mi lascia qualche biglietto ogni tanto. Leggo i loro sms e i loro smiley. Lui, invece, niente. Lo sento fermarsi dietro alla porta come se volesse bussare ma poi va in sala. Non bussa. Non chiede. Non scrive. Per\u00f2 parla con lo strizzacervelli. Gli chiede consigli. Tanto non avrei voglia di dirgli nulla. Nemmeno a lei e ad Anna rispondo. Ho tolto anche le spunte blu. <\/em><\/p>\n<p style=\"text-align: left;\"><em>Gioco online. Sono forte. Alcune notti gioco talmente tanto che sento gli occhi bruciare. Sono fuoco. Faccio parte di un bel gruppo. Non conosco nessuno di loro dal vivo ma non mi frega. Vado d\u2019accordo con tutti. Ogni tanto qualcuno se ne va, arriva qualcuno di nuovo e poi qualcun altro ritorna. Nel gioco.<\/em><\/p>\n<p style=\"text-align: left;\"><em>Lei a volte piange e lui si arrabbia. Lei a volte piange. Lui a volte parla a bassa voce; cos\u00ec tanto a bassa voce che non riesco a sentirlo nemmeno poggiando l\u2019orecchio alla porta. Sento Anna ridere. Spesso viene anche Gaia e guardano la tv, sentono musica a tutto volume, scherzano. Poi viene Luca e si rincorrono per casa, si chiudono in camera ore e poi escono. <\/em><\/p>\n<p style=\"text-align: left;\"><em>Sento lei che guarda le foto e non capisce. Racconta ad Anna di quando eravamo piccoli e facevamo i biscotti in cucina. Io con il cappello da chef e lei con il grembiulino. Lei ci puliva la bocca e ci carezzava il viso. Forse vorrebbe farlo ancora.<\/em><\/p>\n<p style=\"text-align: left;\"><em>So che si sente in colpa e che vorrebbe tornare indietro nel tempo.<\/em><\/p>\n<p style=\"text-align: left;\"><em>Quanto a me io vivo chiuso. Vivo in un bozzolo. Sopravvivo. <\/em><\/p>\n<p style=\"text-align: left;\"><em>Magari domattina mi alzo mi lavo e faccio colazione con loro.<\/em><\/p>\n<p style=\"text-align: left;\"><em>Magari domani ritento.<\/em><\/p>\n<p style=\"text-align: left;\">Questo \u00e8 un semplice esercizio di empatia, un tentativo di rappresentare il pensiero fluido e rumoroso di un <em>hikikomori<\/em>. Di un hikikomori e della sua famiglia. Di <em>lei <\/em>che \u00e8 la madre. Di <em>lui<\/em> che \u00e8 il padre e di <em>Anna<\/em> che \u00e8 la sorella. Questo ragazzo non ha nome ma pu\u00f2 essere chiunque perch\u00e9 rappresenta tantissimi giovani e tantissimi neo-adulti che ad oggi, all\u2019improvviso, \u201csi mettono in disparte, isolandosi dal mondo\u201d. Si chiudono in una stanza. Sotto le coperte. Al buio. Nel silenzio. Dove pensano o sperano di non essere visti. Dove sperano di non dover pi\u00f9 rispondere alle aspettative di nessuno.<\/p>\n<p style=\"text-align: left;\">L\u2019adulto, il parente o il genitore, per reazione, credono che sia una scelta facile, comoda, ma il punto \u00e8 che nella maggior parte dei casi non \u00e8 una scelta. Un po\u2019 come cadere innamorati. \u00c8 un po\u2019 come cadere in un pozzo da cui non si \u00e8 visti e non si vede fuori. Si scivola, in silenzio, in punta di piedi. In Italia si stima che gli hikikomori siano circa 100.000, prevalentemente maschi, tra i 14 e i 30 anni. C\u2019\u00e8 chi si isola pur vivendo con i propri genitori e chi si isola una volta andato a vivere da solo.<\/p>\n<p style=\"text-align: left;\">Il termine hikikomori nasce in Giappone, dove l\u2019incidenza, altissima, sfiora il milione di casi, coinvolgendo anche persone over 40. \u00c8 un fenomeno che tende a manifestarsi e d\u00e0 le prime avvisaglie durante l\u2019adolescenza, con un rischio di cronicizzazione importante che pu\u00f2 durare anche tutta la vita.<\/p>\n<p style=\"text-align: left;\">In Italia l\u2019attenzione a questo fenomeno sta aumentando esponenzialmente e la pandemia ha spianato la strada anche a nuove altre forme di distanziamento dal mondo reale. Dal punto di vista clinico viene considerato un <em>disagio adattivo sociale<\/em> e riguarda tutti i paesi economicamente sviluppati del mondo. In parole povere, il vivere in societ\u00e0 ad alcuni causa talmente tanto disagio al punto da minare la capacit\u00e0 che l\u2019individuo ha di adattarsi al contesto. Le cause possono essere molteplici e spesso si sovrappongono tra loro. Vi sono cause caratteriali, l\u2019hikikomori \u00e8 spesso molto intelligente ed anche molto sensibile ed inibito socialmente, manifestando difficolt\u00e0 nell\u2019instaurare relazioni amicali e sentimentali soddisfacenti e durature cos\u00ec come nell\u2019affrontare e reagire alle sfide della vita. A livello famigliare gli studi rilevano una maggior incidenza del fenomeno tra giovani\/neo-adulti o adulti che abbiano avuto un eccessivo attaccamento o dipendenza dalla figura materna ed un padre emotivamente assente. Va tenuto presente che a fronte di una grande fatica che i genitori od i parenti o gli amici fanno nel relazionarsi con l\u2019hikikomori, ci si scontra con un giovane\/adulto che rifiuta qualsiasi tipo di aiuto. Il rifiuto della scuola \u00e8 spesso il primo campanello di allarme e molte volte dietro all\u2019isolamento si nasconde anche una vittima di bullismo. Vi sono poi delle cause che riguardano specificamente la societ\u00e0 in cui viviamo, fortemente orientata alla competizione ed alla realizzazione, da cui l\u2019hikikomori cerca con tutte le sue forze di fuggire. Sovente la chiusura porta a sviluppare forme di dipendenza come, ad esempio, la dipendenza da internet o la dipendenza dal cibo.<\/p>\n<p style=\"text-align: left;\">\n<p style=\"text-align: left;\">Molti disagi giovanili paiono simili o sfiorano l\u2019hikikomori ed il dovere degli adulti \u00e8 di informarsi, conoscere, sapere e stare al passo con i tempi, con le mode e con i linguaggi dei giovani.<\/p>\n<p style=\"text-align: left;\">I giovani, in particolare gli adolescenti, vedono ed interpretano le situazioni della vita in modo profondamente differente rispetto agli adulti, poich\u00e9 a livello biologico e neurologico non sono totalmente maturi. Quindi, sfide, difficolt\u00e0 ed emozioni che agli adulti appaiono semplici, banali o normali, in realt\u00e0 un adolescente o un neo adulto (con un\u2019impronta caratteriale ed una storia famigliare e sociale gi\u00e0 sintomatica come detto) le vive e le percepisce in modo amplificato, al punto da sembrare quasi insormontabili.<\/p>\n<p style=\"text-align: left;\">Mettersi da parte diventa mettersi all\u2019angolo, tra due muri che rischiano di stringersi sempre di pi\u00f9, in una spirale che cambia nel profondo e cambia chi sta intorno. La personalit\u00e0 individuale \u00e8 un continuum di cambiamenti, di passi in avanti ed indietro, di cose capite, immaginate, desiderate, amate e odiate.<\/p>\n<p style=\"text-align: left;\">Per i genitori, i parenti, gli amici e i professionisti del sociale l\u2019hikikomori rappresenta una difficile lotta con se stessi. Il lavoro sociale e la moltitudine di persone per le quali ci si trova a lavorare costringono a guardare dentro di noi, per entrare in contatto con l\u2019altro. Bisogna essere pronti alla metamorfosi. Soprattutto, bisogna aiutare la farfalla che si \u00e8 nascosta nel bozzolo a riconoscersi ed a spiccare il volo.<\/p>\n<p style=\"text-align: left;\">Avendo cura di non affrettare i passi, poich\u00e9 qualsiasi conquista, nascita o rinascita \u00e8 una spinta che nasce da dentro verso l\u2019esterno e mai viceversa.<\/p>\n<p style=\"text-align: left;\">Alla prossima riflessione!<\/p>\n<p style=\"text-align: left;\"><strong>Elisa Bertoja<\/strong><\/p>\n<\/div>\n<p><!--more--><br \/>\n<!-- {\"type\":\"layout\",\"children\":[{\"type\":\"section\",\"props\":{\"image_position\":\"center-center\",\"padding\":\"xsmall\",\"padding_remove_bottom\":false,\"padding_remove_top\":false,\"style\":\"muted\",\"title_breakpoint\":\"xl\",\"title_position\":\"top-left\",\"title_rotation\":\"left\",\"vertical_align\":\"middle\",\"width\":\"xsmall\",\"width_expand\":\"left\"},\"children\":[{\"type\":\"row\",\"props\":{\"layout\":\"1-5,4-5\"},\"children\":[{\"type\":\"column\",\"props\":{\"image_position\":\"center-center\",\"media_overlay_gradient\":\"\",\"position_sticky_breakpoint\":\"m\",\"width_medium\":\"1-5\"},\"children\":[{\"type\":\"image\",\"props\":{\"image\":\"wp-content\\\/uploads\\\/2023\\\/04\\\/bertoja_piccola.jpg\",\"image_svg_color\":\"emphasis\",\"image_width\":\"100\",\"margin\":\"default\",\"maxwidth\":\"small\"}}]},{\"type\":\"column\",\"props\":{\"image_position\":\"center-center\",\"media_overlay_gradient\":\"\",\"position_sticky_breakpoint\":\"m\",\"width_medium\":\"4-5\"},\"children\":[{\"type\":\"text\",\"props\":{\"column_breakpoint\":\"m\",\"content\":\"\n\n<h4><strong>Riflessioni a margine<\\\/strong><\\\/h4>\\n\n\n<p>a cura della Dott.ssa Elisa Bertoja<br \\\/>Assistente sociale e Criminologa sociale<\\\/p>\",\"margin\":\"default\"}}]}]}]},{\"type\":\"section\",\"props\":{\"image_position\":\"center-center\",\"style\":\"default\",\"title_breakpoint\":\"xl\",\"title_position\":\"top-left\",\"title_rotation\":\"left\",\"vertical_align\":\"middle\",\"width\":\"default\"},\"children\":[{\"type\":\"row\",\"children\":[{\"type\":\"column\",\"props\":{\"image_position\":\"center-center\",\"media_overlay_gradient\":\"\",\"position_sticky_breakpoint\":\"m\"},\"children\":[{\"type\":\"image\",\"props\":{\"block_align\":\"center\",\"image\":\"wp-content\\\/uploads\\\/2023\\\/04\\\/metamorfosi_foto.jpg\",\"image_svg_color\":\"emphasis\",\"margin\":\"default\",\"maxwidth\":\"large\"}},{\"type\":\"headline\",\"props\":{\"content\":\"Metamorfosi\",\"text_align\":\"center\",\"title_element\":\"h3\"}},{\"type\":\"text\",\"props\":{\"column_breakpoint\":\"m\",\"content\":\"\n\n<p style=\\\"text-align: left;\\\"><em>\\u2026sono solo. <\\\/em><\\\/p>\\n\n\n<p style=\\\"text-align: left;\\\"><em>\\u00c8 l\\u2019unico momento in cui sento di poter essere me stesso, anche se non so chi sono ne chi vorrei essere. Nel corso del tempo ho provato ad essere cos\\u00ec tante persone da farmi girare la testa. Mi sono illuso cos\\u00ec tante volte. Mi sembra un tunnel, un vortice, una montagna russa. Per\\u00f2 da qui non cado. Sono sull\\u2019orlo ma non in bilico. Sono fermo. Le ore non passano. Mi sento al sicuro.<\\\/em><\\\/p>\\n\n\n<p style=\\\"text-align: left;\\\"><em>Lui vorrebbe che cenassi con loro a tavola, con lei e con Anna. Ma a me non interessa, ho da fare. Lo schermo mi fa compagnia. Del cellulare. Del pc. Di qualsiasi cosa che non sia una persona in carne ed ossa. Perch\\u00e9 sono stufo. Stanco di dover apparire, di dover far finta di essere parte di qualcosa. Mi sento cos\\u00ec diverso da loro. Cos\\u00ec diverso da tutti.<\\\/em><\\\/p>\\n\n\n<p style=\\\"text-align: left;\\\"><em>Di giorno dormo. Mi sveglio tardi, quando loro sono a lavoro ed Anna \\u00e8 all\\u2019universit\\u00e0. Vado in bagno veloce e mi metto la felpa sul pigiama. Poi mi rimetto a dormire. Al massimo fumo una sigaretta. Non sul balcone. Apro la finestra e fumo mezzo dentro e mezzo fuori. Cos\\u00ec come sono. Mezzo dentro e mezzo fuori.<\\\/em><\\\/p>\\n\n\n<p style=\\\"text-align: left;\\\"><em>Fino a qualche mese fa mi alzavo anch\\u2019io, mi lavavo e andavo a scuola. Vedevo Marco, Ale, Silvio e gli altri. Il sabato sera facevo tardi e la domenica andavo dai nonni a pranzo. Fino a qualche mese fa. Adesso \\u00e8 diverso. Adesso non mi va. E non voglio che insistano. Non me frega se insistono. Io dallo psicologo non vado. Da quello strizzacervelli non ci metto piede. Ci vadano loro. Provino a capirmi. Provino a capirsi. Gi\\u00e0 che urlano e si danno colpe che nemmeno so se hanno. Si sono rivolti anche ad un\\u2019associazione per parlare di me. <\\\/em><\\\/p>\\n\n\n<p style=\\\"text-align: left;\\\"><em>Mi sono diplomato con 100 al pni. Volevo fare scienze politiche ma lui ha voluto che mi iscrivessi a ingegneria. C\\u2019ho provato e qualche volta ho anche aperto i libri. Ho provato anche a seguire le lezioni e i primi mesi ho frequentato. Ho conosciuto gente davvero brava. Gente che davvero merita di diventare ingegnere. C\\u2019ho provato a dare analisi 1. Ma poi non sono andato. Magari la prossima sessione ritento. <\\\/em><\\\/p>\\n\n\n<p style=\\\"text-align: left;\\\"><em>Lei mi lascia il cibo fuori dalla porta. Anna mi lascia qualche biglietto ogni tanto. Leggo i loro sms e i loro smiley. Lui, invece, niente. Lo sento fermarsi dietro alla porta come se volesse bussare ma poi va in sala. Non bussa. Non chiede. Non scrive. Per\\u00f2 parla con lo strizzacervelli. Gli chiede consigli. Tanto non avrei voglia di dirgli nulla. Nemmeno a lei e ad Anna rispondo. Ho tolto anche le spunte blu. <\\\/em><\\\/p>\\n\n\n<p style=\\\"text-align: left;\\\"><em>Gioco online. Sono forte. Alcune notti gioco talmente tanto che sento gli occhi bruciare. Sono fuoco. Faccio parte di un bel gruppo. Non conosco nessuno di loro dal vivo ma non mi frega. Vado d\\u2019accordo con tutti. Ogni tanto qualcuno se ne va, arriva qualcuno di nuovo e poi qualcun altro ritorna. Nel gioco.<\\\/em><\\\/p>\\n\n\n<p style=\\\"text-align: left;\\\"><em>Lei a volte piange e lui si arrabbia. Lei a volte piange. Lui a volte parla a bassa voce; cos\\u00ec tanto a bassa voce che non riesco a sentirlo nemmeno poggiando l\\u2019orecchio alla porta. Sento Anna ridere. Spesso viene anche Gaia e guardano la tv, sentono musica a tutto volume, scherzano. Poi viene Luca e si rincorrono per casa, si chiudono in camera ore e poi escono. <\\\/em><\\\/p>\\n\n\n<p style=\\\"text-align: left;\\\"><em>Sento lei che guarda le foto e non capisce. Racconta ad Anna di quando eravamo piccoli e facevamo i biscotti in cucina. Io con il cappello da chef e lei con il grembiulino. Lei ci puliva la bocca e ci carezzava il viso. Forse vorrebbe farlo ancora.<\\\/em><\\\/p>\\n\n\n<p style=\\\"text-align: left;\\\"><em>So che si sente in colpa e che vorrebbe tornare indietro nel tempo.<\\\/em><\\\/p>\\n\n\n<p style=\\\"text-align: left;\\\"><em>Quanto a me io vivo chiuso. Vivo in un bozzolo. Sopravvivo. <\\\/em><\\\/p>\\n\n\n<p style=\\\"text-align: left;\\\"><em>Magari domattina mi alzo mi lavo e faccio colazione con loro.<\\\/em><\\\/p>\\n\n\n<p style=\\\"text-align: left;\\\"><em>Magari domani ritento.<\\\/em><\\\/p>\\n\n\n<p style=\\\"text-align: left;\\\">Questo \\u00e8 un semplice esercizio di empatia, un tentativo di rappresentare il pensiero fluido e rumoroso di un <em>hikikomori<\\\/em>. Di un hikikomori e della sua famiglia. Di <em>lei <\\\/em>che \\u00e8 la madre. Di <em>lui<\\\/em> che \\u00e8 il padre e di <em>Anna<\\\/em> che \\u00e8 la sorella. Questo ragazzo non ha nome ma pu\\u00f2 essere chiunque perch\\u00e9 rappresenta tantissimi giovani e tantissimi neo-adulti che ad oggi, all\\u2019improvviso, \\u201csi mettono in disparte, isolandosi dal mondo\\u201d. Si chiudono in una stanza. Sotto le coperte. Al buio. Nel silenzio. Dove pensano o sperano di non essere visti. Dove sperano di non dover pi\\u00f9 rispondere alle aspettative di nessuno.<\\\/p>\\n\n\n<p style=\\\"text-align: left;\\\">L\\u2019adulto, il parente o il genitore, per reazione, credono che sia una scelta facile, comoda, ma il punto \\u00e8 che nella maggior parte dei casi non \\u00e8 una scelta. Un po\\u2019 come cadere innamorati. \\u00c8 un po\\u2019 come cadere in un pozzo da cui non si \\u00e8 visti e non si vede fuori. Si scivola, in silenzio, in punta di piedi. In Italia si stima che gli hikikomori siano circa 100.000, prevalentemente maschi, tra i 14 e i 30 anni. C\\u2019\\u00e8 chi si isola pur vivendo con i propri genitori e chi si isola una volta andato a vivere da solo.<\\\/p>\\n\n\n<p style=\\\"text-align: left;\\\">Il termine hikikomori nasce in Giappone, dove l\\u2019incidenza, altissima, sfiora il milione di casi, coinvolgendo anche persone over 40. \\u00c8 un fenomeno che tende a manifestarsi e d\\u00e0 le prime avvisaglie durante l\\u2019adolescenza, con un rischio di cronicizzazione importante che pu\\u00f2 durare anche tutta la vita.<\\\/p>\\n\n\n<p style=\\\"text-align: left;\\\">In Italia l\\u2019attenzione a questo fenomeno sta aumentando esponenzialmente e la pandemia ha spianato la strada anche a nuove altre forme di distanziamento dal mondo reale. Dal punto di vista clinico viene considerato un <em>disagio adattivo sociale<\\\/em> e riguarda tutti i paesi economicamente sviluppati del mondo. In parole povere, il vivere in societ\\u00e0 ad alcuni causa talmente tanto disagio al punto da minare la capacit\\u00e0 che l\\u2019individuo ha di adattarsi al contesto. Le cause possono essere molteplici e spesso si sovrappongono tra loro. Vi sono cause caratteriali, l\\u2019hikikomori \\u00e8 spesso molto intelligente ed anche molto sensibile ed inibito socialmente, manifestando difficolt\\u00e0 nell\\u2019instaurare relazioni amicali e sentimentali soddisfacenti e durature cos\\u00ec come nell\\u2019affrontare e reagire alle sfide della vita. A livello famigliare gli studi rilevano una maggior incidenza del fenomeno tra giovani\\\/neo-adulti o adulti che abbiano avuto un eccessivo attaccamento o dipendenza dalla figura materna ed un padre emotivamente assente. Va tenuto presente che a fronte di una grande fatica che i genitori od i parenti o gli amici fanno nel relazionarsi con l\\u2019hikikomori, ci si scontra con un giovane\\\/adulto che rifiuta qualsiasi tipo di aiuto. Il rifiuto della scuola \\u00e8 spesso il primo campanello di allarme e molte volte dietro all\\u2019isolamento si nasconde anche una vittima di bullismo. Vi sono poi delle cause che riguardano specificamente la societ\\u00e0 in cui viviamo, fortemente orientata alla competizione ed alla realizzazione, da cui l\\u2019hikikomori cerca con tutte le sue forze di fuggire. Sovente la chiusura porta a sviluppare forme di dipendenza come, ad esempio, la dipendenza da internet o la dipendenza dal cibo.<\\\/p>\\n\n\n<p style=\\\"text-align: left;\\\"><\\\/p>\\n\n\n<p style=\\\"text-align: left;\\\">Molti disagi giovanili paiono simili o sfiorano l\\u2019hikikomori ed il dovere degli adulti \\u00e8 di informarsi, conoscere, sapere e stare al passo con i tempi, con le mode e con i linguaggi dei giovani.<\\\/p>\\n\n\n<p style=\\\"text-align: left;\\\">I giovani, in particolare gli adolescenti, vedono ed interpretano le situazioni della vita in modo profondamente differente rispetto agli adulti, poich\\u00e9 a livello biologico e neurologico non sono totalmente maturi. Quindi, sfide, difficolt\\u00e0 ed emozioni che agli adulti appaiono semplici, banali o normali, in realt\\u00e0 un adolescente o un neo adulto (con un\\u2019impronta caratteriale ed una storia famigliare e sociale gi\\u00e0 sintomatica come detto) le vive e le percepisce in modo amplificato, al punto da sembrare quasi insormontabili.<\\\/p>\\n\n\n<p style=\\\"text-align: left;\\\">Mettersi da parte diventa mettersi all\\u2019angolo, tra due muri che rischiano di stringersi sempre di pi\\u00f9, in una spirale che cambia nel profondo e cambia chi sta intorno. La personalit\\u00e0 individuale \\u00e8 un continuum di cambiamenti, di passi in avanti ed indietro, di cose capite, immaginate, desiderate, amate e odiate.<\\\/p>\\n\n\n<p style=\\\"text-align: left;\\\">Per i genitori, i parenti, gli amici e i professionisti del sociale l\\u2019hikikomori rappresenta una difficile lotta con se stessi. Il lavoro sociale e la moltitudine di persone per le quali ci si trova a lavorare costringono a guardare dentro di noi, per entrare in contatto con l\\u2019altro. Bisogna essere pronti alla metamorfosi. Soprattutto, bisogna aiutare la farfalla che si \\u00e8 nascosta nel bozzolo a riconoscersi ed a spiccare il volo.<\\\/p>\\n\n\n<p style=\\\"text-align: left;\\\">Avendo cura di non affrettare i passi, poich\\u00e9 qualsiasi conquista, nascita o rinascita \\u00e8 una spinta che nasce da dentro verso l\\u2019esterno e mai viceversa.<\\\/p>\\n\n\n<p style=\\\"text-align: left;\\\">Alla prossima riflessione!<\\\/p>\\n\n\n<p style=\\\"text-align: left;\\\"><strong>Elisa Bertoja<\\\/strong><\\\/p>\",\"margin\":\"default\",\"text_align\":\"center\"}}]}]}]}],\"version\":\"3.0.25\"} --><\/p>\n","protected":false},"excerpt":{"rendered":"<p>Riflessioni a margine a cura della Dott.ssa Elisa BertojaAssistente sociale e Criminologa sociale Metamorfosi \u2026sono solo. \u00c8 l\u2019unico momento in cui sento di poter essere me stesso, anche se non so chi sono ne chi vorrei essere. Nel corso del tempo ho provato ad essere cos\u00ec tante persone da farmi girare la testa. Mi sono [&hellip;]<\/p>\n","protected":false},"author":1,"featured_media":0,"parent":0,"menu_order":0,"comment_status":"closed","ping_status":"closed","template":"","meta":{"footnotes":""},"class_list":["post-1025","page","type-page","status-publish","hentry"],"_links":{"self":[{"href":"https:\/\/sviluppo2.inspiresc.it\/index.php\/wp-json\/wp\/v2\/pages\/1025","targetHints":{"allow":["GET"]}}],"collection":[{"href":"https:\/\/sviluppo2.inspiresc.it\/index.php\/wp-json\/wp\/v2\/pages"}],"about":[{"href":"https:\/\/sviluppo2.inspiresc.it\/index.php\/wp-json\/wp\/v2\/types\/page"}],"author":[{"embeddable":true,"href":"https:\/\/sviluppo2.inspiresc.it\/index.php\/wp-json\/wp\/v2\/users\/1"}],"replies":[{"embeddable":true,"href":"https:\/\/sviluppo2.inspiresc.it\/index.php\/wp-json\/wp\/v2\/comments?post=1025"}],"version-history":[{"count":4,"href":"https:\/\/sviluppo2.inspiresc.it\/index.php\/wp-json\/wp\/v2\/pages\/1025\/revisions"}],"predecessor-version":[{"id":1033,"href":"https:\/\/sviluppo2.inspiresc.it\/index.php\/wp-json\/wp\/v2\/pages\/1025\/revisions\/1033"}],"wp:attachment":[{"href":"https:\/\/sviluppo2.inspiresc.it\/index.php\/wp-json\/wp\/v2\/media?parent=1025"}],"curies":[{"name":"wp","href":"https:\/\/api.w.org\/{rel}","templated":true}]}}