{"id":553,"date":"2023-01-11T15:00:52","date_gmt":"2023-01-11T14:00:52","guid":{"rendered":"http:\/\/sviluppo2.inspiresc.it\/?page_id=553"},"modified":"2023-03-08T17:14:20","modified_gmt":"2023-03-08T16:14:20","slug":"richiesta-del-logo-acdv","status":"publish","type":"page","link":"https:\/\/sviluppo2.inspiresc.it\/index.php\/richiesta-del-logo-acdv\/","title":{"rendered":"Richiesta del logo ACdV"},"content":{"rendered":"<h1>Richiesta di utilizzo del logo ACdV<\/h1>\n<div>\n<p>Il logo dell\u2019Associazione e il nome Controllo del Vicinato sono entrambi registrati e protetti da copyright.<\/p>\n<p>Cartelli rappresentanti il logo dell\u2019Associazione possono essere esposti dalle Amministrazioni comunali, previa autorizzazione scritta dell\u2019Associazione, negli spazi pubblici per indicare la presenza di gruppi attivi di Controllo del Vicinato, nel rispetto delle norme sull\u2019installazione dei cartelli previsti dal Codice delle Strada.<\/p>\n<p>Non sono previsti degli standard da seguire. Molti comuni hanno adottato cartelli di forma circolare. Nel caso in cui la forma circolare possa ingenerare confusione con la segnaletica stradale, si possono anche installare cartelli di forma quadrangolare di colore bianco in cui inscrivere il logo \u201cZona Controllo del Vicinato\u201d del diametro di 60 o 40 cm. Il codice colore del giallo per la stampa in quadricromia \u00e8 C8 M0 Y100 K0.<\/p>\n<p>Precondizione per l\u2019autorizzazione all\u2019esposizione dei cartelli con il logo dell\u2019Associazione \u00e8 che nel territorio dei comuni richiedenti si siano gi\u00e0 costituiti, con le modalit\u00e0 previste dall\u2019Associazione, e siano gi\u00e0 registrati nel Registro Nazionale dei gruppi CDV, i gruppi di Controllo del Vicinato. La concessione dell\u2019utilizzo del logo \u00e8 gratuita, ma pu\u00f2 essere revocata nel momento in cui il logo viene utilizzato per scopi diversi da quelli richiesti.<\/p>\n<p>Durante le fasi iniziali del progetto le Amministrazioni comunali, le associazioni locali e privati cittadini possono richiedere l\u2019utilizzo del logo per promuovere incontri pubblici o altre iniziative di promozione attinenti il Controllo del Vicinato.<\/p>\n<p>Logo e nome dell\u2019Associazione non possono mai essere affiancati a simboli di partito, sia locali sia nazionali, o di liste civiche.<\/p>\n<p>I gruppi di Controllo del Vicinato che non sono sostenuti dalle loro Amministrazioni comunali posso esporre negli spazi privati il logo dell\u2019Associazione. Privati cittadini e associazioni locali che intendono promuovere il Programma nella loro zona possono utilizzare il logo, previo accordo con la nostra associazione.<\/p>\n<p>Il logo \u00e8 parzialmente personalizzabile. Nella parte inferiore del logo e possibile apporre il nome del Comune, lo stemma comunale, il nome del quartiere o dell\u2019area, il nome o il numero identificativo del gruppo di Controllo del Vicinato o una qualsiasi combinazione degli elementi citati.<\/p>\n<p>L\u2019inserimento nel logo di marchi commerciali (sponsor) deve essere preventivamente autorizzato dall\u2019Associazione.<\/p>\n<p>Periodicamente si verificano casi di utilizzo non autorizzato del nostro logo, soprattutto nel web, o di sue versioni modificate con l\u2019intento di sfruttare il patrimonio iconografico della nostra Associazione. Invitiamo i nostri referenti di zona, i coordinatori, le famiglie che aderiscono ai gruppi di Controllo del Vicinato, o anche i semplici cittadini a segnalare questi abusi scrivendoci all\u2019indirizzo protezione.logo@acdv.it.<\/p>\n<\/div>\n<div>\n\n<div class=\"wpcf7 no-js\" id=\"wpcf7-f602-o1\" lang=\"it-IT\" dir=\"ltr\" data-wpcf7-id=\"602\">\n<div class=\"screen-reader-response\"><p role=\"status\" aria-live=\"polite\" aria-atomic=\"true\"><\/p> <ul><\/ul><\/div>\n<form action=\"\/index.php\/wp-json\/wp\/v2\/pages\/553#wpcf7-f602-o1\" method=\"post\" class=\"wpcf7-form init\" aria-label=\"Modulo di contatto\" novalidate=\"novalidate\" data-status=\"init\">\n<div style=\"display: none;\">\n<input type=\"hidden\" name=\"_wpcf7\" value=\"602\" \/>\n<input type=\"hidden\" name=\"_wpcf7_version\" value=\"6.0\" \/>\n<input type=\"hidden\" name=\"_wpcf7_locale\" value=\"it_IT\" \/>\n<input type=\"hidden\" name=\"_wpcf7_unit_tag\" value=\"wpcf7-f602-o1\" \/>\n<input type=\"hidden\" name=\"_wpcf7_container_post\" value=\"0\" \/>\n<input type=\"hidden\" name=\"_wpcf7_posted_data_hash\" value=\"\" \/>\n<\/div>\n<p><label> Tipologia del richiedente*<br \/>\n<span class=\"wpcf7-form-control-wrap\" data-name=\"menu-773\"><select class=\"wpcf7-form-control wpcf7-select wpcf7-validates-as-required\" aria-required=\"true\" aria-invalid=\"false\" name=\"menu-773\"><option value=\"Privato\">Privato<\/option><option value=\"Pubblica amministrazione\">Pubblica amministrazione<\/option><\/select><\/span> <\/label>\n<\/p>\n<p><label> Comune*<br \/>\n<span class=\"wpcf7-form-control-wrap\" data-name=\"textarea-959\"><textarea cols=\"40\" rows=\"10\" maxlength=\"2000\" class=\"wpcf7-form-control wpcf7-textarea wpcf7-validates-as-required\" aria-required=\"true\" aria-invalid=\"false\" name=\"textarea-959\"><\/textarea><\/span> <\/label>\n<\/p>\n<p><label> Frazione (opzionale)<br \/>\n<span class=\"wpcf7-form-control-wrap\" data-name=\"textarea-960\"><textarea cols=\"40\" rows=\"10\" maxlength=\"2000\" class=\"wpcf7-form-control wpcf7-textarea\" aria-invalid=\"false\" name=\"textarea-960\"><\/textarea><\/span> <\/label>\n<\/p>\n<p><label> Nome e cognome del richiedente*<br \/>\n<span class=\"wpcf7-form-control-wrap\" data-name=\"your-name\"><input size=\"40\" maxlength=\"400\" class=\"wpcf7-form-control wpcf7-text wpcf7-validates-as-required\" aria-required=\"true\" aria-invalid=\"false\" value=\"\" type=\"text\" name=\"your-name\" \/><\/span> <\/label>\n<\/p>\n<p><label> La tua email*<br \/>\n<span class=\"wpcf7-form-control-wrap\" data-name=\"your-email\"><input size=\"40\" maxlength=\"400\" class=\"wpcf7-form-control wpcf7-email wpcf7-validates-as-required wpcf7-text wpcf7-validates-as-email\" aria-required=\"true\" aria-invalid=\"false\" value=\"\" type=\"email\" name=\"your-email\" \/><\/span> <\/label>\n<\/p>\n<p><label> Indirizzo Posta Certificata (PEC)<br \/>\n<span class=\"wpcf7-form-control-wrap\" data-name=\"textarea-961\"><input size=\"40\" maxlength=\"400\" class=\"wpcf7-form-control wpcf7-text\" aria-invalid=\"false\" value=\"\" type=\"text\" name=\"textarea-961\" \/><\/span> <\/label>\n<\/p>\n<p><label> Numero di telefono<br \/>\n<span class=\"wpcf7-form-control-wrap\" data-name=\"tel-43\"><input size=\"40\" maxlength=\"400\" class=\"wpcf7-form-control wpcf7-tel wpcf7-validates-as-required wpcf7-text wpcf7-validates-as-tel\" aria-required=\"true\" aria-invalid=\"false\" value=\"\" type=\"tel\" name=\"tel-43\" \/><\/span> <\/label>\n<\/p>\n<p><label> Altre informazioni (opzionale)<br \/>\n<span class=\"wpcf7-form-control-wrap\" data-name=\"your-message\"><textarea cols=\"40\" rows=\"10\" maxlength=\"2000\" class=\"wpcf7-form-control wpcf7-textarea\" aria-invalid=\"false\" name=\"your-message\"><\/textarea><\/span> <\/label>\n<\/p>\n<p><span class=\"wpcf7-form-control-wrap\" data-name=\"acceptance-155\"><span class=\"wpcf7-form-control wpcf7-acceptance\"><span class=\"wpcf7-list-item\"><label><input type=\"checkbox\" name=\"acceptance-155\" value=\"1\" aria-invalid=\"false\" \/><span class=\"wpcf7-list-item-label\">Autorizzazione all'utilizzo del logo dell'Associazione - Nel caso in cui mi venisse concesso il diritto di utilizzo del logo, m'impegno sin d'ora ad utilizzarlo esclusivamente per attivit\u00e0 e comunicazioni relative al Programma di Controllo del Vicinato, cos\u00ec come formulato dall'Associazione. Qualunque altro diverso utilizzo da parte mia autorizzer\u00e0 l'Associazione a revocarmi tale diritto.  \u00abPresto il consenso ed autorizzo l\u2019Associazione Controllo del Vicinato - ACdV (titolare) al trattamento dei dati personali sopra inseriti. La finalit\u00e0 del trattamento riguarda l\u2019esecuzione su mia richiesta della domanda di utilizzo del logo dell\u2019Associazione Controllo del Vicinato \u2013 ACdV presentata al Titolare del trattamento. Il sottoscritto potr\u00e0 successivamente revocare il consenso qui dato, tramite comunicazione che dovr\u00e0 essere trasmessa presso uno dei seguenti contatti: Responsabile del Trattamento presso l\u2019indirizzo postale dell\u2019Associazione oppure a privacy@acdv.it\u00bb<\/span><\/label><\/span><\/span><\/span>\n<\/p>\n<p><span class=\"wpcf7-form-control-wrap\" data-name=\"acceptance-156\"><span class=\"wpcf7-form-control wpcf7-acceptance\"><span class=\"wpcf7-list-item\"><label><input type=\"checkbox\" name=\"acceptance-156\" value=\"1\" aria-invalid=\"false\" \/><span class=\"wpcf7-list-item-label\">\u00abConfermo di aver letto integralmente l\u2019informativa al trattamento dei dati personali fornita dal Titolare del trattamento\u00bb.<\/span><\/label><\/span><\/span><\/span>\n<\/p>\n<p><input class=\"wpcf7-form-control wpcf7-submit has-spinner\" type=\"submit\" value=\"Invia\" \/>\n<\/p><div class=\"wpcf7-response-output\" aria-hidden=\"true\"><\/div>\n<\/form>\n<\/div>\n\n<\/div>\n<div>\n<div>Contact<\/div>\n<p><a href=\"\/index.php\/contatti\/\"><\/a><\/p>\n<\/div>\n<div>\n<p><strong>SEDE<\/strong><\/p>\n<p>Associazione Controllo del Vicinato<br \/>Via San Giuseppe, 31 <br \/>21047 Saronno (Va)<br \/>C.F. 94027680126<\/p>\n<p><span><a href=\"mailto:segreteria.organizzativa@acdv.it\">segreteria.organizzativa@acdv.it<\/a><br \/><\/span><a href=\"mailto:acdv@pec.acdv.it\">acdv@pec.acdv.it<\/a><\/p>\n<\/div>\n<ul>\n<li><a href=\"https:\/\/www.facebook.com\/acdv.it\/\">facebook<\/a>\n<\/li>\n<\/ul>\n<div>\n<p><strong>ISCRIVITI ALLA NEWLETTER<\/strong><\/p>\n<\/div>\n<div>\n<form name=\"invio_dati\" action=\"URL_personalizzata\" method=\"post\">\n<p><input name=\"nome\" placeholder=\"Nome\"><\/p>\n<p><input name=\"mail\" placeholder=\"Email\"><\/p>\n<\/p>\n<p>\n<input name=\"invia\" type=\"submit\"><\/p>\n<\/form>\n<\/div>\n<p><!--more--><br \/>\n<!-- {\"name\":\"pagina modello\",\"type\":\"layout\",\"children\":[{\"type\":\"section\",\"props\":{\"image\":\"\",\"image_position\":\"center-center\",\"style\":\"default\",\"title_breakpoint\":\"xl\",\"title_position\":\"top-left\",\"title_rotation\":\"left\",\"vertical_align\":\"middle\",\"width\":\"default\"},\"children\":[{\"type\":\"row\",\"children\":[{\"type\":\"column\",\"props\":{\"image_position\":\"center-center\",\"media_overlay_gradient\":\"\",\"position_sticky_breakpoint\":\"m\",\"width_medium\":\"\"},\"children\":[{\"type\":\"headline\",\"props\":{\"content\":\"Richiesta di utilizzo del logo ACdV\",\"text_align\":\"center\",\"title_element\":\"h1\",\"title_style\":\"h1\"}},{\"type\":\"text\",\"props\":{\"column_breakpoint\":\"m\",\"content\":\"\n\n<p>Il logo dell\\u2019Associazione e il nome Controllo del Vicinato sono entrambi registrati e protetti da copyright.<\\\/p>\\n\n\n<p>Cartelli rappresentanti il logo dell\\u2019Associazione possono essere esposti dalle Amministrazioni comunali, previa autorizzazione scritta dell\\u2019Associazione, negli spazi pubblici per indicare la presenza di gruppi attivi di Controllo del Vicinato, nel rispetto delle norme sull\\u2019installazione dei cartelli previsti dal Codice delle Strada.<\\\/p>\\n\n\n<p>Non sono previsti degli standard da seguire. Molti comuni hanno adottato cartelli di forma circolare. Nel caso in cui la forma circolare possa ingenerare confusione con la segnaletica stradale, si possono anche installare cartelli di forma quadrangolare di colore bianco in cui inscrivere il logo \\u201cZona Controllo del Vicinato\\u201d del diametro di 60 o 40 cm. Il codice colore del giallo per la stampa in quadricromia \\u00e8 C8 M0 Y100 K0.<\\\/p>\\n\n\n<p>Precondizione per l\\u2019autorizzazione all\\u2019esposizione dei cartelli con il logo dell\\u2019Associazione \\u00e8 che nel territorio dei comuni richiedenti si siano gi\\u00e0 costituiti, con le modalit\\u00e0 previste dall\\u2019Associazione, e siano gi\\u00e0 registrati nel Registro Nazionale dei gruppi CDV, i gruppi di Controllo del Vicinato. La concessione dell\\u2019utilizzo del logo \\u00e8 gratuita, ma pu\\u00f2 essere revocata nel momento in cui il logo viene utilizzato per scopi diversi da quelli richiesti.<\\\/p>\\n\n\n<p>Durante le fasi iniziali del progetto le Amministrazioni comunali, le associazioni locali e privati cittadini possono richiedere l\\u2019utilizzo del logo per promuovere incontri pubblici o altre iniziative di promozione attinenti il Controllo del Vicinato.<\\\/p>\\n\n\n<p>Logo e nome dell\\u2019Associazione non possono mai essere affiancati a simboli di partito, sia locali sia nazionali, o di liste civiche.<\\\/p>\\n\n\n<p>I gruppi di Controllo del Vicinato che non sono sostenuti dalle loro Amministrazioni comunali posso esporre negli spazi privati il logo dell\\u2019Associazione. Privati cittadini e associazioni locali che intendono promuovere il Programma nella loro zona possono utilizzare il logo, previo accordo con la nostra associazione.<\\\/p>\\n\n\n<p>Il logo \\u00e8 parzialmente personalizzabile. Nella parte inferiore del logo e possibile apporre il nome del Comune, lo stemma comunale, il nome del quartiere o dell\\u2019area, il nome o il numero identificativo del gruppo di Controllo del Vicinato o una qualsiasi combinazione degli elementi citati.<\\\/p>\\n\n\n<p>L\\u2019inserimento nel logo di marchi commerciali (sponsor) deve essere preventivamente autorizzato dall\\u2019Associazione.<\\\/p>\\n\n\n<p>Periodicamente si verificano casi di utilizzo non autorizzato del nostro logo, soprattutto nel web, o di sue versioni modificate con l\\u2019intento di sfruttare il patrimonio iconografico della nostra Associazione. Invitiamo i nostri referenti di zona, i coordinatori, le famiglie che aderiscono ai gruppi di Controllo del Vicinato, o anche i semplici cittadini a segnalare questi abusi scrivendoci all\\u2019indirizzo protezione.logo@acdv.it.<\\\/p>\",\"margin\":\"default\"}}]}]},{\"type\":\"row\",\"children\":[{\"type\":\"column\",\"props\":{\"image_position\":\"center-center\",\"media_overlay_gradient\":\"\",\"position_sticky_breakpoint\":\"m\"},\"children\":[{\"type\":\"text\",\"props\":{\"column_breakpoint\":\"m\",\"content\":\"\n\n<p>[contact-form-7 id=\\\"602\\\" title=\\\"Richiesta utilizzo logo\\\"]<\\\/p>\",\"margin\":\"default\"}}]}]}]},{\"name\":\"FOOTER OK\",\"type\":\"section\",\"props\":{\"animation\":\"slide-top-small\",\"image_position\":\"center-center\",\"image_size\":\"cover\",\"padding\":\"large\",\"padding_remove_bottom\":false,\"preserve_color\":false,\"style\":\"secondary\",\"title_breakpoint\":\"xl\",\"title_position\":\"top-left\",\"title_rotation\":\"left\",\"vertical_align\":\"middle\",\"width\":\"expand\"},\"children\":[{\"name\":\"\",\"type\":\"row\",\"children\":[{\"name\":\"\",\"type\":\"column\",\"props\":{\"image_position\":\"center-center\",\"media_overlay_gradient\":\"\",\"position_sticky_breakpoint\":\"m\",\"vertical_align\":\"middle\",\"width_medium\":\"1-3\"},\"children\":[{\"type\":\"panel\",\"props\":{\"block_align\":\"center\",\"class\":\"uk-border-circle uk-flex-middle uk-flex-center\",\"content\":\"\",\"content_column_breakpoint\":\"m\",\"css\":\".el-element {\\n    display: flex !important;\\n    width: 200px;\\n    min-height: 200px;\\n}\\n\\n@media (min-width: 1200px) {\\n    .el-element {\\n        width: 250px;\\n        min-height: 250px;\\n    }\\n} \",\"icon_width\":80,\"image_align\":\"top\",\"image_grid_breakpoint\":\"m\",\"image_grid_width\":\"1-2\",\"image_svg_color\":\"emphasis\",\"link\":\"index.php\\\/contatti\\\/\",\"link_style\":\"\",\"link_text\":\"\",\"margin\":\"xlarge\",\"margin_remove_bottom\":true,\"margin_remove_top\":false,\"maxwidth\":\"large\",\"maxwidth_breakpoint\":\"s\",\"meta\":\"\",\"meta_align\":\"above-title\",\"meta_element\":\"div\",\"meta_style\":\"\",\"panel_link\":true,\"panel_padding\":\"\",\"panel_style\":\"card-secondary\",\"position_bottom\":\"-2vh\",\"text_align\":\"center\",\"title\":\"Contact\",\"title_align\":\"top\",\"title_color\":\"warning\",\"title_element\":\"div\",\"title_grid_breakpoint\":\"m\",\"title_grid_width\":\"1-2\",\"title_hover_style\":\"reset\",\"title_margin\":\"remove\",\"title_style\":\"h3\"},\"modified\":\"2021-10-12T17:05:31.142Z\",\"name\":\"\"}]},{\"type\":\"column\",\"props\":{\"class\":\"\",\"image_position\":\"center-center\",\"media_overlay_gradient\":\"\",\"position_sticky_breakpoint\":\"m\",\"width_medium\":\"1-3\"},\"children\":[{\"name\":\"\",\"type\":\"text\",\"props\":{\"block_align\":\"center\",\"column_breakpoint\":\"m\",\"content\":\"\n\n<p><strong>SEDE<\\\/strong><\\\/p>\\n\n\n<p>Associazione Controllo del Vicinato<br \\\/>Via San Giuseppe, 31 <br \\\/>21047 Saronno (Va)<br \\\/>C.F. 94027680126<\\\/p>\\n\n\n<p><span><a href=\\\"mailto:segreteria.organizzativa@acdv.it\\\">segreteria.organizzativa@acdv.it<\\\/a><br \\\/><\\\/span><a href=\\\"mailto:acdv@pec.acdv.it\\\">acdv@pec.acdv.it<\\\/a><\\\/p>\",\"margin\":\"large\",\"margin_remove_bottom\":false,\"maxwidth\":\"xlarge\",\"text_align\":\"left\",\"text_align_breakpoint\":\"m\",\"text_align_fallback\":\"center\",\"text_color\":\"emphasis\"}},{\"type\":\"social\",\"props\":{\"grid\":\"vertical\",\"grid_gap\":\"small\",\"grid_vertical_breakpoint\":\"m\",\"icon_width\":\"\",\"image_loading\":false,\"link_style\":\"button\",\"link_target\":true,\"margin\":\"default\",\"text_align\":\"left\",\"text_align_breakpoint\":\"m\",\"text_align_fallback\":\"center\",\"visibility\":\"m\"},\"children\":[{\"type\":\"social_item\",\"props\":{\"link\":\"https:\\\/\\\/www.facebook.com\\\/acdv.it\\\/\"}}]}]},{\"type\":\"column\",\"props\":{\"image_position\":\"center-center\",\"media_overlay_gradient\":\"\",\"position_sticky_breakpoint\":\"m\",\"width_medium\":\"1-3\"},\"children\":[{\"name\":\"\",\"type\":\"text\",\"props\":{\"block_align\":\"center\",\"column_breakpoint\":\"m\",\"content\":\"\n\n<p><strong>ISCRIVITI ALLA NEWLETTER<\\\/strong><\\\/p>\",\"margin\":\"large\",\"margin_remove_bottom\":false,\"maxwidth\":\"xlarge\",\"text_align\":\"left\",\"text_align_breakpoint\":\"m\",\"text_align_fallback\":\"center\",\"text_color\":\"emphasis\"}},{\"type\":\"html\",\"props\":{\"content\":\"\n\n<form name=\\\"invio_dati\\\" action=\\\"URL_personalizzata\\\" method=\\\"post\\\">\\n\n\n<p><input name=\\\"nome\\\" placeholder=\\\"Nome\\\"><\\\/p>\\n\n\n<p><input name=\\\"mail\\\" placeholder=\\\"Email\\\"><\\\/p>\\n\n\n<p>\\n\\n<\\\/p>\\n\n\n<p>\\n<input name=\\\"invia\\\" type=\\\"submit\\\"><\\\/p>\\n<\\\/form>\"}}]}],\"props\":{\"layout\":\"1-3,1-3,1-3\",\"margin_remove_bottom\":true}}]}],\"version\":\"3.0.21\"} --><\/p>\n","protected":false},"excerpt":{"rendered":"<p>Richiesta di utilizzo del logo ACdV Il logo dell\u2019Associazione e il nome Controllo del Vicinato sono entrambi registrati e protetti da copyright. Cartelli rappresentanti il logo dell\u2019Associazione possono essere esposti dalle Amministrazioni comunali, previa autorizzazione scritta dell\u2019Associazione, negli spazi pubblici per indicare la presenza di gruppi attivi di Controllo del Vicinato, nel rispetto delle norme [&hellip;]<\/p>\n","protected":false},"author":1,"featured_media":0,"parent":0,"menu_order":0,"comment_status":"closed","ping_status":"closed","template":"","meta":{"footnotes":""},"class_list":["post-553","page","type-page","status-publish","hentry"],"_links":{"self":[{"href":"https:\/\/sviluppo2.inspiresc.it\/index.php\/wp-json\/wp\/v2\/pages\/553","targetHints":{"allow":["GET"]}}],"collection":[{"href":"https:\/\/sviluppo2.inspiresc.it\/index.php\/wp-json\/wp\/v2\/pages"}],"about":[{"href":"https:\/\/sviluppo2.inspiresc.it\/index.php\/wp-json\/wp\/v2\/types\/page"}],"author":[{"embeddable":true,"href":"https:\/\/sviluppo2.inspiresc.it\/index.php\/wp-json\/wp\/v2\/users\/1"}],"replies":[{"embeddable":true,"href":"https:\/\/sviluppo2.inspiresc.it\/index.php\/wp-json\/wp\/v2\/comments?post=553"}],"version-history":[{"count":5,"href":"https:\/\/sviluppo2.inspiresc.it\/index.php\/wp-json\/wp\/v2\/pages\/553\/revisions"}],"predecessor-version":[{"id":772,"href":"https:\/\/sviluppo2.inspiresc.it\/index.php\/wp-json\/wp\/v2\/pages\/553\/revisions\/772"}],"wp:attachment":[{"href":"https:\/\/sviluppo2.inspiresc.it\/index.php\/wp-json\/wp\/v2\/media?parent=553"}],"curies":[{"name":"wp","href":"https:\/\/api.w.org\/{rel}","templated":true}]}}