{"id":563,"date":"2023-01-11T15:45:22","date_gmt":"2023-01-11T14:45:22","guid":{"rendered":"http:\/\/sviluppo2.inspiresc.it\/?page_id=563"},"modified":"2023-03-15T15:20:27","modified_gmt":"2023-03-15T14:20:27","slug":"cosa-facciamo","status":"publish","type":"page","link":"https:\/\/sviluppo2.inspiresc.it\/index.php\/cosa-facciamo\/","title":{"rendered":"Cosa facciamo"},"content":{"rendered":"<h1>Cosa facciamo<\/h1>\n<h1>Come funziona il Controllo del Vicinato<\/h1>\n<div>\n<p><strong>Il Programma prevede l\u2019auto-organizzazione tra vicini per sorvegliare informalmente l\u2019area intorno alle proprie abitazioni<\/strong> e gli spazi pubblici pi\u00f9 prossimi. L\u2019attivit\u00e0 dei gruppi di Controllo del Vicinato \u00e8 segnalata da appositi cartelli che hanno lo scopo di comunicare a chiunque passi nella zona interessata che la sua presenza non passer\u00e0 inosservata e che il vicinato \u00e8 attento e consapevole a ci\u00f2 che avviene all\u2019interno della propria area. Partecipare ad un gruppo di Controllo del Vicinato non comporta alcun rischio da parte dei residenti, non richiede alcun atto di eroismo n\u00e9 alcuna attivit\u00e0 di pattugliamento.<\/p>\n<p>I residenti continuano a svolgere le proprie attivit\u00e0, ma con una diversa consapevolezza di quello che avviene nel proprio ambiente. Dove il Programma del Controllo del Vicinato \u00e8 attivo, i molti occhi dei residenti sugli spazi pubblici e privati rappresentano <strong>un deterrente contro i furti nelle case e un disincentivo per altri comportamenti illegali<\/strong> (graffiti, scippi, truffe, vandalismi, ecc.). Il Programma prevede, oltre alla sorveglianza della propria area, l\u2019individuazione delle vulnerabilit\u00e0 strutturali, ambientali e comportamentali che rappresentano sempre delle opportunit\u00e0 per gli autori di reato. <strong>La collaborazione e la fiducia tra vicini sono fondamentali perch\u00e9 s\u2019instauri un clima di sicurezza che sar\u00e0 percepito da tutti i residenti<\/strong> (anche da coloro che non partecipano al Programma) e particolarmente dalle fasce pi\u00f9 vulnerabili, come anziani e persone sole. Il senso di vicinanza, unito alla certezza che i nostri vicini non resteranno chiusi in casa di fronte ad un\u2019emergenza, trasmette un forte senso di appartenenza e di sicurezza e rafforza i legami tra i membri della comunit\u00e0.<\/p>\n<p><strong>Anche le Forze dell\u2019Ordine beneficeranno dei risultati di questo Programma<\/strong>. Un dialogo continuo e sensibile tra queste e i residenti produrr\u00e0 una migliore qualit\u00e0 delle segnalazioni da parte dei cittadini e, in definitiva, una migliore capacit\u00e0 di valutazione ed intervento da parte delle Forze dell&#8217;Ordine.<\/p>\n<\/div>\n<h1>Gli obiettivi del Controllo del Vicinato<\/h1>\n<p><img decoding=\"async\" src=\"\/wp-content\/uploads\/2023\/01\/Risorsa-1xxxhdpi.png\" alt=\"\"><\/p>\n<div>\n<p>Prevenire il crimine nelle proprie abitazioni e nelle sue prossimit\u00e0, aumentando la sicurezza e la sorveglianza nella comunit\u00e0<\/p>\n<\/div>\n<p><img decoding=\"async\" src=\"\/wp-content\/uploads\/2023\/01\/020-walking-stick.png\" alt=\"\"><\/p>\n<div>\n<p>Ridurre la percezione di insicurezza e paura tra i residenti, soprattutto tra le fasce di persone pi\u00f9 vulnerabili come gli anziani e le persone sole.<\/p>\n<\/div>\n<p><img decoding=\"async\" src=\"\/wp-content\/uploads\/2023\/01\/Risorsa-1@3x.png\" alt=\"\"><\/p>\n<div>\n<p>Migliorare la qualit\u00e0 della vita dei residenti, favorendo e rafforzando la solidariet\u00e0, la collaborazione e la fiducia nei propri vicini e nelle Istituzioni Pubbliche.<\/p>\n<\/div>\n<p><img decoding=\"async\" src=\"\/wp-content\/uploads\/2023\/01\/police.png\" alt=\"\"><\/p>\n<div>\n<p>Migliorare il rapporto di collaborazione con le Forze dell\u2019Ordine, senza per questo sostituirsi ad esse. Ai gruppi di CdV spetta esclusivamente il compito di segnalare atti criminali , mentre solo alle Forze dell\u2019Ordine spetta il compito di intervenire sui malfattori.<\/p>\n<\/div>\n<h1>Le origini teoriche del Controllo del Vicinato<\/h1>\n<div>\n<p>Il Controllo del Vicinato affonda le sue radici teoriche nella Prevenzione Situazionale, i cui fondamenti scientifici sono basati sulle teorie dell&#8217;Opportunit\u00e0, dell&#8217;Attivit\u00e0 Routinaria e della Scelta Razionale e sulla teoria delle Finestre Rotte. Lo scopo della Prevenzione Situazionale \u00e8 di adottare misure di prevenzione finalizzate a ridurre l\u2019opportunit\u00e0 dell&#8217;evento criminale. Queste misure sono tanto pi\u00f9 efficaci quanto pi\u00f9 specifico \u00e8 il reato su cui si vuole intervenire e quanto pi\u00f9 precisa \u00e8 la conoscenza della situazione in cui si agisce. La teoria si concentra prevalentemente su:<\/p>\n<ul>\n<li>L\u2019opportunit\u00e0 che rende possibile il reato predatorio.<\/li>\n<li>Le precondizioni dell\u2019evento, piuttosto che sugli autori del reato.<\/li>\n<li>La prevenzione dell\u2019evento, piuttosto che l\u2019arresto e la punizione del colpevole.<\/li>\n<\/ul>\n<p>La Teoria dell\u2019Attivit\u00e0 Routinaria, sviluppata da Lawrence Cohen e Marcus Felson, fa capo alla criminologia ambientale, che a sua volta si focalizza sulle condizioni e sullo spazio in cui si verifica un evento criminale. Secondo questa teoria, un crimine (nel nostro caso un reato predatorio) si pu\u00f2 verificare solo se sono compresenti tre condizioni:<\/p>\n<ul>\n<li>La disponibilit\u00e0 di un bersaglio (la nostra casa).<\/li>\n<li>L\u2019assenza di un controllore capace (la nostra scarsa sorveglianza).<\/li>\n<li>La presenza di un aggressore motivato (il ladro).<\/li>\n<\/ul>\n<p>Il Controllo del Vicinato agisce esclusivamente sull\u2019assenza di un controllore capace, restituendo ai residenti la capacit\u00e0 di controllare il proprio ambiente, e sul bersaglio disponibile, rafforzando gli obiettivi attraverso l\u2019individuazione delle vulnerabilit\u00e0 strutturali, ambientali e comportamentali e la messa a punto di misure di prevenzione passiva mirate, con lo scopo di ridurre le opportunit\u00e0 per i ladri. Mentre lascia il compito di reprimere l\u2019aggressore alle Forze dell&#8217;Ordine.<\/p>\n<p>La teoria delle Finestre Rotte afferma che mantenere e controllare ambienti urbani, reprimendo i piccoli reati, gli atti vandalici, la deturpazione dei luoghi, il bere in pubblico, la sosta selvaggia o l&#8217;evasione nel pagamento di parcheggi, mezzi pubblici o pedaggi, contribuisce a creare un clima di ordine e legalit\u00e0 e riduce il rischio di crimini pi\u00f9 gravi. L&#8217;esistenza di una finestra rotta (da cui il nome della teoria) potrebbe generare fenomeni di emulazione, portando qualcun altro a rompere un lampione o un idrante, dando cos\u00ec inizio a una spirale di degrado urbano e sociale.<\/p>\n<\/div>\n<p><!--more--><br \/>\n<!-- {\"name\":\"pagina modello\",\"type\":\"layout\",\"children\":[{\"name\":\"Hero\",\"type\":\"section\",\"props\":{\"animation\":\"fade\",\"class\":\"\",\"header_overlay\":\"light\",\"height_viewport\":true,\"image\":\"wp-content\\\/uploads\\\/2022\\\/12\\\/image.jpg\",\"image_fixed\":false,\"image_loading\":true,\"image_position\":\"center-center\",\"image_width\":\"2560\",\"media\":\"images\\\/home-header.jpg\",\"media_advanced\":true,\"media_overlay\":\"rgba(0, 0, 0, 0.14)\",\"overlap\":true,\"padding\":\"xlarge\",\"style\":\"secondary\",\"text_color\":\"light\",\"title_breakpoint\":\"xl\",\"title_position\":\"top-left\",\"title_rotation\":\"left\",\"vertical_align\":\"middle\",\"width\":\"default\"},\"children\":[{\"name\":\"\",\"type\":\"row\",\"children\":[{\"name\":\"\",\"type\":\"column\",\"props\":{\"image_position\":\"center-center\",\"media_overlay_gradient\":\"\",\"position_sticky_breakpoint\":\"m\",\"width_medium\":\"1-1\"},\"children\":[{\"name\":\"\",\"type\":\"headline\",\"props\":{\"content\":\"Cosa facciamo\",\"link\":\"\",\"text_align\":\"center\",\"title_element\":\"h1\",\"title_style\":\"heading-large\"}}]}]}]},{\"type\":\"section\",\"props\":{\"image\":\"\",\"image_position\":\"center-center\",\"style\":\"default\",\"title_breakpoint\":\"xl\",\"title_position\":\"top-left\",\"title_rotation\":\"left\",\"vertical_align\":\"middle\",\"width\":\"default\"},\"children\":[{\"type\":\"row\",\"children\":[{\"type\":\"column\",\"props\":{\"image_position\":\"center-center\",\"media_overlay_gradient\":\"\",\"position_sticky_breakpoint\":\"m\",\"width_medium\":\"\"},\"children\":[{\"type\":\"headline\",\"props\":{\"content\":\"Come funziona il Controllo del Vicinato\",\"text_align\":\"center\",\"title_element\":\"h1\",\"title_style\":\"h1\"}},{\"type\":\"text\",\"props\":{\"column_breakpoint\":\"m\",\"content\":\"\n\n<p><strong>Il Programma prevede l\\u2019auto-organizzazione tra vicini per sorvegliare informalmente l\\u2019area intorno alle proprie abitazioni<\\\/strong> e gli spazi pubblici pi\\u00f9 prossimi. L\\u2019attivit\\u00e0 dei gruppi di Controllo del Vicinato \\u00e8 segnalata da appositi cartelli che hanno lo scopo di comunicare a chiunque passi nella zona interessata che la sua presenza non passer\\u00e0 inosservata e che il vicinato \\u00e8 attento e consapevole a ci\\u00f2 che avviene all\\u2019interno della propria area. Partecipare ad un gruppo di Controllo del Vicinato non comporta alcun rischio da parte dei residenti, non richiede alcun atto di eroismo n\\u00e9 alcuna attivit\\u00e0 di pattugliamento.<\\\/p>\\n\n\n<p>I residenti continuano a svolgere le proprie attivit\\u00e0, ma con una diversa consapevolezza di quello che avviene nel proprio ambiente. Dove il Programma del Controllo del Vicinato \\u00e8 attivo, i molti occhi dei residenti sugli spazi pubblici e privati rappresentano <strong>un deterrente contro i furti nelle case e un disincentivo per altri comportamenti illegali<\\\/strong> (graffiti, scippi, truffe, vandalismi, ecc.). Il Programma prevede, oltre alla sorveglianza della propria area, l\\u2019individuazione delle vulnerabilit\\u00e0 strutturali, ambientali e comportamentali che rappresentano sempre delle opportunit\\u00e0 per gli autori di reato. <strong>La collaborazione e la fiducia tra vicini sono fondamentali perch\\u00e9 s\\u2019instauri un clima di sicurezza che sar\\u00e0 percepito da tutti i residenti<\\\/strong> (anche da coloro che non partecipano al Programma) e particolarmente dalle fasce pi\\u00f9 vulnerabili, come anziani e persone sole. Il senso di vicinanza, unito alla certezza che i nostri vicini non resteranno chiusi in casa di fronte ad un\\u2019emergenza, trasmette un forte senso di appartenenza e di sicurezza e rafforza i legami tra i membri della comunit\\u00e0.<\\\/p>\\n\n\n<p><strong>Anche le Forze dell\\u2019Ordine beneficeranno dei risultati di questo Programma<\\\/strong>. Un dialogo continuo e sensibile tra queste e i residenti produrr\\u00e0 una migliore qualit\\u00e0 delle segnalazioni da parte dei cittadini e, in definitiva, una migliore capacit\\u00e0 di valutazione ed intervento da parte delle Forze dell'Ordine.<\\\/p>\",\"margin\":\"default\"}}]}]}]},{\"type\":\"section\",\"props\":{\"image_position\":\"center-center\",\"padding_remove_bottom\":false,\"padding_remove_top\":false,\"style\":\"muted\",\"title_breakpoint\":\"xl\",\"title_position\":\"top-left\",\"title_rotation\":\"left\",\"vertical_align\":\"middle\",\"width\":\"default\"},\"children\":[{\"name\":\"\",\"type\":\"row\",\"props\":{\"id\":\"event-wedding-couples\",\"margin_remove_bottom\":true,\"match\":false,\"row_gap\":\"collapse\",\"vertical_align\":false,\"width\":\"expand\"},\"children\":[{\"name\":\"\",\"type\":\"column\",\"props\":{\"image_position\":\"center-center\",\"media_overlay_gradient\":\"\",\"position_sticky_breakpoint\":\"m\",\"vertical_align\":\"bottom\",\"width_medium\":\"\"},\"children\":[{\"type\":\"headline\",\"props\":{\"content\":\"Gli obiettivi del Controllo del Vicinato\",\"text_align\":\"center\",\"title_color\":\"primary\",\"title_element\":\"h1\"}}]}]},{\"type\":\"row\",\"props\":{\"column_gap\":\"medium\",\"divider\":true,\"layout\":\"1-4,1-4,1-4,1-4|1-2,1-2,1-2,1-2\"},\"children\":[{\"type\":\"column\",\"props\":{\"image_position\":\"center-center\",\"media_overlay_gradient\":\"\",\"position_sticky_breakpoint\":\"m\",\"width_medium\":\"1-4\",\"width_small\":\"1-2\"},\"children\":[{\"type\":\"image\",\"props\":{\"image\":\"wp-content\\\/uploads\\\/2023\\\/01\\\/Risorsa-1xxxhdpi.png\",\"image_height\":\"90\",\"image_svg_color\":\"emphasis\",\"margin\":\"default\",\"text_align\":\"center\"}},{\"type\":\"text\",\"props\":{\"block_align\":\"center\",\"column_breakpoint\":\"l\",\"column_divider\":false,\"content\":\"\n\n<p>Prevenire il crimine nelle proprie abitazioni e nelle sue prossimit\\u00e0, aumentando la sicurezza e la sorveglianza nella comunit\\u00e0<\\\/p>\",\"margin\":\"medium\",\"text_align\":\"center\"}}]},{\"type\":\"column\",\"props\":{\"image_position\":\"center-center\",\"media_overlay_gradient\":\"\",\"position_sticky_breakpoint\":\"m\",\"width_medium\":\"1-4\",\"width_small\":\"1-2\"},\"children\":[{\"type\":\"image\",\"props\":{\"image\":\"wp-content\\\/uploads\\\/2023\\\/01\\\/020-walking-stick.png\",\"image_height\":\"90\",\"image_svg_color\":\"emphasis\",\"margin\":\"default\",\"text_align\":\"center\"}},{\"type\":\"text\",\"props\":{\"block_align\":\"center\",\"column_breakpoint\":\"l\",\"column_divider\":false,\"content\":\"\n\n<p>Ridurre la percezione di insicurezza e paura tra i residenti, soprattutto tra le fasce di persone pi\\u00f9 vulnerabili come gli anziani e le persone sole.<\\\/p>\",\"margin\":\"medium\",\"text_align\":\"center\"}}]},{\"type\":\"column\",\"props\":{\"image_position\":\"center-center\",\"media_overlay_gradient\":\"\",\"position_sticky_breakpoint\":\"m\",\"width_medium\":\"1-4\",\"width_small\":\"1-2\"},\"children\":[{\"type\":\"image\",\"props\":{\"image\":\"wp-content\\\/uploads\\\/2023\\\/01\\\/Risorsa-1@3x.png\",\"image_height\":\"90\",\"image_svg_color\":\"emphasis\",\"margin\":\"default\",\"text_align\":\"center\"}},{\"type\":\"text\",\"props\":{\"block_align\":\"center\",\"column_breakpoint\":\"l\",\"column_divider\":false,\"content\":\"\n\n<p>Migliorare la qualit\\u00e0 della vita dei residenti, favorendo e rafforzando la solidariet\\u00e0, la collaborazione e la fiducia nei propri vicini e nelle Istituzioni Pubbliche.<\\\/p>\",\"margin\":\"medium\",\"text_align\":\"center\"}}]},{\"type\":\"column\",\"props\":{\"image_position\":\"center-center\",\"media_overlay_gradient\":\"\",\"position_sticky_breakpoint\":\"m\",\"width_medium\":\"1-4\",\"width_small\":\"1-2\"},\"children\":[{\"type\":\"image\",\"props\":{\"image\":\"wp-content\\\/uploads\\\/2023\\\/01\\\/police.png\",\"image_height\":\"90\",\"image_svg_color\":\"emphasis\",\"margin\":\"default\",\"text_align\":\"center\"}},{\"type\":\"text\",\"props\":{\"column_breakpoint\":\"m\",\"content\":\"\n\n<p>Migliorare il rapporto di collaborazione con le Forze dell\\u2019Ordine, senza per questo sostituirsi ad esse. Ai gruppi di CdV spetta esclusivamente il compito di segnalare atti criminali , mentre solo alle Forze dell\\u2019Ordine spetta il compito di intervenire sui malfattori.<\\\/p>\",\"margin\":\"default\",\"text_align\":\"center\"}}]}]}],\"name\":\"Event, Wedding & Couples Photography\"},{\"type\":\"section\",\"props\":{\"image_position\":\"center-center\",\"style\":\"default\",\"title_breakpoint\":\"xl\",\"title_position\":\"top-left\",\"title_rotation\":\"left\",\"vertical_align\":\"middle\",\"width\":\"default\"},\"children\":[{\"type\":\"row\",\"children\":[{\"type\":\"column\",\"props\":{\"image_position\":\"center-center\",\"media_overlay_gradient\":\"\",\"position_sticky_breakpoint\":\"m\"},\"children\":[{\"type\":\"headline\",\"props\":{\"content\":\"Le origini teoriche del Controllo del Vicinato\",\"text_align\":\"center\",\"title_element\":\"h1\",\"title_style\":\"h1\"}},{\"type\":\"text\",\"props\":{\"column_breakpoint\":\"m\",\"content\":\"\n\n<p>Il Controllo del Vicinato affonda le sue radici teoriche nella Prevenzione Situazionale, i cui fondamenti scientifici sono basati sulle teorie dell'Opportunit\\u00e0, dell'Attivit\\u00e0 Routinaria e della Scelta Razionale e sulla teoria delle Finestre Rotte. Lo scopo della Prevenzione Situazionale \\u00e8 di adottare misure di prevenzione finalizzate a ridurre l\\u2019opportunit\\u00e0 dell'evento criminale. Queste misure sono tanto pi\\u00f9 efficaci quanto pi\\u00f9 specifico \\u00e8 il reato su cui si vuole intervenire e quanto pi\\u00f9 precisa \\u00e8 la conoscenza della situazione in cui si agisce. La teoria si concentra prevalentemente su:<\\\/p>\\n\n\n<ul>\\n\n\n<li>L\\u2019opportunit\\u00e0 che rende possibile il reato predatorio.<\\\/li>\\n\n\n<li>Le precondizioni dell\\u2019evento, piuttosto che sugli autori del reato.<\\\/li>\\n\n\n<li>La prevenzione dell\\u2019evento, piuttosto che l\\u2019arresto e la punizione del colpevole.<\\\/li>\\n<\\\/ul>\\n\n\n<p>La Teoria dell\\u2019Attivit\\u00e0 Routinaria, sviluppata da Lawrence Cohen e Marcus Felson, fa capo alla criminologia ambientale, che a sua volta si focalizza sulle condizioni e sullo spazio in cui si verifica un evento criminale. Secondo questa teoria, un crimine (nel nostro caso un reato predatorio) si pu\\u00f2 verificare solo se sono compresenti tre condizioni:<\\\/p>\\n\n\n<ul>\\n\n\n<li>La disponibilit\\u00e0 di un bersaglio (la nostra casa).<\\\/li>\\n\n\n<li>L\\u2019assenza di un controllore capace (la nostra scarsa sorveglianza).<\\\/li>\\n\n\n<li>La presenza di un aggressore motivato (il ladro).<\\\/li>\\n<\\\/ul>\\n\n\n<p>Il Controllo del Vicinato agisce esclusivamente sull\\u2019assenza di un controllore capace, restituendo ai residenti la capacit\\u00e0 di controllare il proprio ambiente, e sul bersaglio disponibile, rafforzando gli obiettivi attraverso l\\u2019individuazione delle vulnerabilit\\u00e0 strutturali, ambientali e comportamentali e la messa a punto di misure di prevenzione passiva mirate, con lo scopo di ridurre le opportunit\\u00e0 per i ladri. Mentre lascia il compito di reprimere l\\u2019aggressore alle Forze dell'Ordine.<\\\/p>\\n\n\n<p>La teoria delle Finestre Rotte afferma che mantenere e controllare ambienti urbani, reprimendo i piccoli reati, gli atti vandalici, la deturpazione dei luoghi, il bere in pubblico, la sosta selvaggia o l'evasione nel pagamento di parcheggi, mezzi pubblici o pedaggi, contribuisce a creare un clima di ordine e legalit\\u00e0 e riduce il rischio di crimini pi\\u00f9 gravi. L'esistenza di una finestra rotta (da cui il nome della teoria) potrebbe generare fenomeni di emulazione, portando qualcun altro a rompere un lampione o un idrante, dando cos\\u00ec inizio a una spirale di degrado urbano e sociale.<\\\/p>\",\"margin\":\"default\"}}]}]}]}],\"version\":\"3.0.21\"} --><\/p>\n","protected":false},"excerpt":{"rendered":"<p>Cosa facciamo Come funziona il Controllo del Vicinato Il Programma prevede l\u2019auto-organizzazione tra vicini per sorvegliare informalmente l\u2019area intorno alle proprie abitazioni e gli spazi pubblici pi\u00f9 prossimi. L\u2019attivit\u00e0 dei gruppi di Controllo del Vicinato \u00e8 segnalata da appositi cartelli che hanno lo scopo di comunicare a chiunque passi nella zona interessata che la sua [&hellip;]<\/p>\n","protected":false},"author":1,"featured_media":0,"parent":0,"menu_order":0,"comment_status":"closed","ping_status":"closed","template":"","meta":{"footnotes":""},"class_list":["post-563","page","type-page","status-publish","hentry"],"_links":{"self":[{"href":"https:\/\/sviluppo2.inspiresc.it\/index.php\/wp-json\/wp\/v2\/pages\/563","targetHints":{"allow":["GET"]}}],"collection":[{"href":"https:\/\/sviluppo2.inspiresc.it\/index.php\/wp-json\/wp\/v2\/pages"}],"about":[{"href":"https:\/\/sviluppo2.inspiresc.it\/index.php\/wp-json\/wp\/v2\/types\/page"}],"author":[{"embeddable":true,"href":"https:\/\/sviluppo2.inspiresc.it\/index.php\/wp-json\/wp\/v2\/users\/1"}],"replies":[{"embeddable":true,"href":"https:\/\/sviluppo2.inspiresc.it\/index.php\/wp-json\/wp\/v2\/comments?post=563"}],"version-history":[{"count":13,"href":"https:\/\/sviluppo2.inspiresc.it\/index.php\/wp-json\/wp\/v2\/pages\/563\/revisions"}],"predecessor-version":[{"id":846,"href":"https:\/\/sviluppo2.inspiresc.it\/index.php\/wp-json\/wp\/v2\/pages\/563\/revisions\/846"}],"wp:attachment":[{"href":"https:\/\/sviluppo2.inspiresc.it\/index.php\/wp-json\/wp\/v2\/media?parent=563"}],"curies":[{"name":"wp","href":"https:\/\/api.w.org\/{rel}","templated":true}]}}