{"id":67,"date":"2022-12-07T17:23:44","date_gmt":"2022-12-07T16:23:44","guid":{"rendered":"http:\/\/sviluppo2.inspiresc.it\/?page_id=67"},"modified":"2023-04-11T17:48:59","modified_gmt":"2023-04-11T15:48:59","slug":"home-page","status":"publish","type":"page","link":"https:\/\/sviluppo2.inspiresc.it\/","title":{"rendered":"HOME PAGE"},"content":{"rendered":"<div>\n<h1>\u201cLa sicurezza di una comunit\u00e0 passa attraverso la coesione sociale, la presenza e la condivisione degli spazi pubblici&#8221;<\/h1>\n<\/div>\n<div>\n<p>&#8220;La prima associazione ad aver portato in Italia un progetto di sicurezza partecipata&#8221;<\/p>\n<\/div>\n<div>GRUPPI DI CONTROLLO DEL VICINATO<\/div>\n<div>\n<p class=\"elementor-heading-title elementor-size-default\">I gruppi di Controllo del Vicinato sono costituiti sia da residenti che da commercianti che promuovono, collaborando con le amministrazioni comunali e le Forze dell\u2019Ordine, la sicurezza Partecipata e contribuiscono alla creazione di quella \u201ccoesione sociale\u201d che \u00e8 la spina dorsale della vita comunitaria cittadina.<\/p>\n<\/div>\n<hr>\n<ul>\n<li>\n<p>        <img decoding=\"async\" src=\"\/wp-content\/uploads\/2022\/12\/Risorsa-61.png\" alt=\"\"><\/p>\n<h4>Iscrizione socio ACdV<\/h4>\n<p><a href=\"\/index.php\/richiesta-iscrizione-socio\/\">Clicca qui<\/a><\/p>\n<\/li>\n<li>\n<p>        <img decoding=\"async\" src=\"\/wp-content\/uploads\/2022\/12\/Risorsa-81.png\" alt=\"\"><\/p>\n<h4>Registrazione gruppo ACdV<\/h4>\n<p><a href=\"\/index.php\/registra-il-tuo-gruppo-acdv\/\">Clicca qui<\/a><\/p>\n<\/li>\n<li>\n<p>        <img decoding=\"async\" src=\"\/wp-content\/uploads\/2023\/01\/Risorsa-9xxxhdpi.png\" alt=\"\"><\/p>\n<h4>Richiesta del logo ACdV<\/h4>\n<p><a href=\"\/index.php\/richiesta-del-logo-acdv\/\">Clicca qui<\/a><\/p>\n<\/li>\n<li>\n<p>        <img decoding=\"async\" src=\"\/wp-content\/uploads\/2022\/12\/Risorsa-71.png\" alt=\"\"><\/p>\n<h4>Richiesta di supporto<\/h4>\n<p><a href=\"\/index.php\/richiesta-di-supporto\/\">Clicca qui<\/a><\/p>\n<\/li>\n<\/ul>\n<div>Quanti siamo<\/div>\n<h2>75.774<\/h2>\n<p><img decoding=\"async\" src=\"\/wp-content\/uploads\/2023\/03\/ITALIA_.png\" alt=\"\"><\/p>\n<div>I gruppi locali<\/div>\n<p>[location]<\/p>\n<p>\n    <a href=\"\/index.php\/2022\/12\/05\/bonjour-tout-le-monde\/\">SCOPRI LA MAPPA<\/a>\n<\/p>\n<h2><a href=\"\/index.php\/news-ed-eventi\/\">NEWS ED EVENTI<\/a><\/h2>\n<div>\n<\/div>\n<h2>COSA FACCIAMO<\/h2>\n<p><img decoding=\"async\" src=\"\/wp-content\/uploads\/2022\/12\/CONTROLLO-VICINATO_2.jpg\" alt=\"\"><br \/>\n<img decoding=\"async\" src=\"\/wp-content\/uploads\/2022\/12\/VICINI-DI-CASA.jpg\" alt=\"\"><br \/>\n<img decoding=\"async\" src=\"\/wp-content\/uploads\/2022\/12\/ANZIANA-SOLA_2.jpg\" alt=\"\"><\/p>\n<ul>\n<li>\n<p>        <img decoding=\"async\" src=\"\/wp-content\/uploads\/2023\/01\/Risorsa-1xxxhdpi.png\" alt=\"\"><\/p>\n<h3>INDIVIDUARE LE VULNERABILITA&#8217;<\/h3>\n<div>\n<p><span>Il Controllo del Vicinato aiuta i residenti ad individuare le vulnerabilit\u00e0 ambientali, strutturali e comportamentali che rappresentano delle opportunit\u00e0 per i malviventi.<\/span><\/p>\n<\/div>\n<\/li>\n<li>\n<p>        <img decoding=\"async\" src=\"\/wp-content\/uploads\/2023\/01\/Risorsa-1@3x.png\" alt=\"\"><\/p>\n<h3>RETI DI PROTEZIONE<\/h3>\n<div>\n<p><span>Il Controllo del Vicinato riduce l\u2019anonimato tra vicini e crea reti di protezione per i soggetti pi\u00f9 vulnerabili quali <\/span><br \/><span>anziani e persone sole.<\/span><\/p>\n<\/div>\n<\/li>\n<li>\n<p>        <img decoding=\"async\" src=\"\/wp-content\/uploads\/2023\/01\/020-walking-stick.png\" alt=\"\"><\/p>\n<h3>TRUFFE AGLI ANZIANI<\/h3>\n<div>\n<p><span>Le truffe agli anziani sono un reato particolarmente odioso perch\u00e9 colpiscono gli elementi pi\u00f9 deboli e solo attraverso la partecipazione alla vita della comunit\u00e0 si <\/span><br \/><span>possono fronteggiare questi reati.<\/span><\/p>\n<\/div>\n<\/li>\n<\/ul>\n<h2>I NOSTRI PARTNER<\/h2>\n<p><a href=\"https:\/\/cityangels.it\/\"><img decoding=\"async\" src=\"\/wp-content\/uploads\/2023\/04\/LOGO-CITY-ANGELS-copia.png\" alt=\"\"><\/a><br \/>\n<a href=\"https:\/\/cameracondominialevarese.it\/\"><img decoding=\"async\" src=\"\/wp-content\/uploads\/2023\/04\/CAMERA-CONDOMINIALE.jpg\" alt=\"\"><\/a><\/p>\n<p><!--more--><br \/>\n<!-- {\"name\":\"HOME PAGE\",\"type\":\"layout\",\"children\":[{\"name\":\"Hero\",\"type\":\"section\",\"props\":{\"animation\":\"scale-up\",\"animation_delay\":\"150\",\"height\":\"percent\",\"image\":\"wp-content\\\/uploads\\\/2022\\\/12\\\/Immagine_strada-1.jpg\",\"image_loading\":true,\"image_parallax_bgy\":\"0,-50\",\"image_position\":\"top-center\",\"image_size\":\"cover\",\"image_width\":\"2560\",\"overlap\":false,\"padding\":\"small\",\"padding_remove_bottom\":false,\"padding_remove_top\":false,\"style\":\"default\",\"title_breakpoint\":\"xl\",\"title_position\":\"top-left\",\"title_rotation\":\"left\",\"vertical_align\":\"middle\",\"video\":\"\",\"width\":\"large\"},\"children\":[{\"name\":\"\",\"type\":\"row\",\"props\":{\"margin_remove_top\":true,\"match\":false,\"width\":\"expand\"},\"children\":[{\"name\":\"\",\"type\":\"column\",\"props\":{\"image_position\":\"center-center\",\"media_overlay_gradient\":\"\",\"position_sticky_breakpoint\":\"m\",\"width_medium\":\"1-1\"},\"children\":[{\"name\":\"\",\"type\":\"panel\",\"props\":{\"block_align\":\"right\",\"content_column_breakpoint\":\"m\",\"icon_width\":80,\"image\":\"\",\"image_align\":\"top\",\"image_grid_breakpoint\":\"m\",\"image_grid_width\":\"1-2\",\"image_svg_color\":\"emphasis\",\"image_width\":\"100\",\"link_style\":\"default\",\"link_text\":\"Read more\",\"margin\":\"default\",\"margin_remove_bottom\":true,\"margin_remove_top\":false,\"maxwidth\":\"large\",\"meta\":\"\",\"meta_align\":\"below-title\",\"meta_element\":\"div\",\"meta_style\":\"text-meta\",\"panel_image_no_padding\":false,\"panel_padding\":\"default\",\"panel_style\":\"tile-primary\",\"parallax_opacity\":\"0.1\",\"parallax_scale\":\"1.4 10%\",\"parallax_target\":\"![uk-grid].tm-grid-expand>*\",\"parallax_transform_origin\":\"\",\"parallax_x\":\"0 0%\",\"title\":\"\\u201cLa sicurezza di una comunit\\u00e0 passa attraverso la coesione sociale, la presenza e la condivisione degli spazi pubblici\\\"\",\"title_align\":\"top\",\"title_color\":\"secondary\",\"title_decoration\":\"divider\",\"title_element\":\"h1\",\"title_font_family\":\"secondary\",\"title_grid_breakpoint\":\"m\",\"title_grid_width\":\"1-2\",\"title_hover_style\":\"reset\",\"title_style\":\"h3\"}}]}]}]},{\"type\":\"section\",\"props\":{\"image_position\":\"center-center\",\"style\":\"default\",\"title_breakpoint\":\"xl\",\"title_position\":\"top-left\",\"title_rotation\":\"left\",\"vertical_align\":\"middle\",\"width\":\"default\"},\"children\":[{\"type\":\"row\",\"children\":[{\"type\":\"column\",\"props\":{\"image_position\":\"center-center\",\"media_overlay_gradient\":\"\",\"position_sticky_breakpoint\":\"m\"},\"children\":[{\"name\":\"\",\"type\":\"headline\",\"props\":{\"animation\":\"slide-bottom-medium\",\"content\":\"\n\n<p>\\\"La prima associazione ad aver portato in Italia un progetto di sicurezza partecipata\\\"<\\\/p>\",\"parallax_breakpoint\":\"m\",\"parallax_easing\":\"1\",\"text_align\":\"center\",\"title_color\":\"danger\",\"title_element\":\"div\",\"title_font_family\":\"secondary\",\"title_style\":\"h3\"}}]}]}]},{\"type\":\"section\",\"props\":{\"animation\":\"slide-bottom\",\"image_position\":\"center-center\",\"padding\":\"large\",\"padding_remove_top\":true,\"style\":\"default\",\"title_breakpoint\":\"xl\",\"title_position\":\"top-left\",\"title_rotation\":\"left\",\"vertical_align\":\"middle\",\"width\":\"default\"},\"children\":[{\"type\":\"row\",\"children\":[{\"type\":\"column\",\"props\":{\"image_position\":\"center-center\",\"media_overlay_gradient\":\"\",\"position_sticky_breakpoint\":\"m\"},\"children\":[{\"name\":\"\",\"type\":\"headline\",\"props\":{\"animation\":\"parallax\",\"content\":\"GRUPPI DI CONTROLLO DEL VICINATO\",\"parallax_breakpoint\":\"m\",\"parallax_easing\":\"1\",\"text_align\":\"center\",\"title_color\":\"primary\",\"title_element\":\"div\",\"title_style\":\"h3\"}},{\"type\":\"text\",\"props\":{\"column_breakpoint\":\"m\",\"content\":\"\n\n<p class=\\\"elementor-heading-title elementor-size-default\\\">I gruppi di Controllo del Vicinato sono costituiti sia da residenti che da commercianti che promuovono, collaborando con le amministrazioni comunali e le Forze dell\\u2019Ordine, la sicurezza Partecipata e contribuiscono alla creazione di quella \\u201ccoesione sociale\\u201d che \\u00e8 la spina dorsale della vita comunitaria cittadina.<\\\/p>\",\"margin\":\"default\"}},{\"type\":\"divider\",\"props\":{\"divider_element\":\"hr\",\"margin\":\"medium\"}},{\"type\":\"grid\",\"props\":{\"animation\":\"slide-bottom\",\"content_column_breakpoint\":\"m\",\"filter_align\":\"left\",\"filter_all\":true,\"filter_grid_breakpoint\":\"m\",\"filter_grid_width\":\"auto\",\"filter_position\":\"top\",\"filter_style\":\"tab\",\"grid_default\":\"2\",\"grid_divider\":false,\"grid_masonry\":false,\"grid_medium\":\"4\",\"grid_parallax\":\"0\",\"icon_width\":80,\"image_align\":\"top\",\"image_grid_breakpoint\":\"m\",\"image_grid_width\":\"1-2\",\"image_height\":\"80\",\"image_svg_color\":\"emphasis\",\"item_animation\":true,\"link_style\":\"danger\",\"link_text\":\"Clicca qui\",\"margin\":\"default\",\"meta_align\":\"below-title\",\"meta_element\":\"div\",\"meta_style\":\"\",\"parallax_easing\":\"1\",\"show_content\":true,\"show_image\":true,\"show_link\":true,\"show_meta\":true,\"show_title\":true,\"text_align\":\"center\",\"title_align\":\"top\",\"title_element\":\"h4\",\"title_font_family\":\"secondary\",\"title_grid_breakpoint\":\"m\",\"title_grid_width\":\"1-2\",\"title_hover_style\":\"reset\"},\"children\":[{\"type\":\"grid_item\",\"props\":{\"image\":\"wp-content\\\/uploads\\\/2022\\\/12\\\/Risorsa-61.png\",\"link\":\"index.php\\\/richiesta-iscrizione-socio\\\/\",\"title\":\"Iscrizione socio ACdV\"}},{\"type\":\"grid_item\",\"props\":{\"image\":\"wp-content\\\/uploads\\\/2022\\\/12\\\/Risorsa-81.png\",\"link\":\"index.php\\\/registra-il-tuo-gruppo-acdv\\\/\",\"title\":\"Registrazione gruppo ACdV\"}},{\"type\":\"grid_item\",\"props\":{\"image\":\"wp-content\\\/uploads\\\/2023\\\/01\\\/Risorsa-9xxxhdpi.png\",\"link\":\"index.php\\\/richiesta-del-logo-acdv\\\/\",\"title\":\"Richiesta del logo ACdV\"}},{\"type\":\"grid_item\",\"props\":{\"image\":\"wp-content\\\/uploads\\\/2022\\\/12\\\/Risorsa-71.png\",\"link\":\"index.php\\\/richiesta-di-supporto\\\/\",\"title\":\"Richiesta di supporto\"}}]}]}]}]},{\"name\":\"\",\"type\":\"section\",\"props\":{\"animation\":\"slide-bottom\",\"class\":\"uk-section-overlap-flip\",\"image_position\":\"center-center\",\"overlap\":true,\"padding\":\"small\",\"padding_remove_bottom\":false,\"preserve_color\":false,\"sticky\":\"\",\"style\":\"primary\",\"title\":\"\",\"title_breakpoint\":\"xl\",\"title_position\":\"center-right\",\"title_rotation\":\"left\",\"vertical_align\":\"middle\",\"width\":\"large\"},\"children\":[{\"name\":\"\",\"type\":\"row\",\"children\":[{\"name\":\"\",\"type\":\"column\",\"props\":{\"image_position\":\"center-center\",\"media_overlay_gradient\":\"\",\"position_sticky_breakpoint\":\"m\",\"width_medium\":\"1-3\"},\"children\":[{\"name\":\"\",\"type\":\"headline\",\"props\":{\"animation\":\"slide-bottom-medium\",\"content\":\"Quanti siamo\",\"parallax_breakpoint\":\"m\",\"parallax_easing\":\"1\",\"text_align\":\"center\",\"title_color\":\"primary\",\"title_element\":\"div\",\"title_style\":\"h4\"}},{\"name\":\"\",\"type\":\"headline\",\"props\":{\"animation\":\"slide-bottom-medium\",\"block_align\":\"center\",\"content\":\"75.774\",\"margin\":\"xlarge\",\"margin_remove_top\":true,\"maxwidth\":\"2xlarge\",\"parallax_breakpoint\":\"m\",\"parallax_easing\":\"1\",\"text_align\":\"center\",\"title_color\":\"secondary\",\"title_element\":\"h2\",\"title_font_family\":\"secondary\",\"title_style\":\"heading-large\"}}]},{\"type\":\"column\",\"props\":{\"image_position\":\"center-center\",\"media_overlay_gradient\":\"\",\"position_sticky_breakpoint\":\"m\",\"width_medium\":\"1-3\"},\"children\":[{\"type\":\"image\",\"props\":{\"animation\":\"slide-bottom-medium\",\"container_padding_remove\":false,\"image\":\"wp-content\\\/uploads\\\/2023\\\/03\\\/ITALIA_.png\",\"image_svg_color\":\"emphasis\",\"image_width\":\"500\",\"margin\":\"\",\"margin_remove_top\":false,\"position\":\"absolute\",\"position_left\":\"0\",\"position_top\":\"-120\",\"text_align\":\"center\",\"visibility\":\"l\"}}]},{\"type\":\"column\",\"props\":{\"image_position\":\"center-center\",\"media_overlay_gradient\":\"\",\"position_sticky_breakpoint\":\"m\",\"width_medium\":\"1-3\"},\"children\":[{\"name\":\"\",\"type\":\"headline\",\"props\":{\"animation\":\"slide-bottom-medium\",\"content\":\"I gruppi locali\",\"parallax_breakpoint\":\"m\",\"parallax_easing\":\"1\",\"text_align\":\"center\",\"title_color\":\"primary\",\"title_element\":\"div\",\"title_style\":\"h4\"}},{\"type\":\"icon\",\"props\":{\"icon\":\"location\",\"icon_color\":\"emphasis\",\"icon_width\":60,\"margin\":\"default\",\"text_align\":\"center\"}},{\"type\":\"button\",\"props\":{\"animation\":\"slide-bottom-small\",\"grid_column_gap\":\"small\",\"grid_row_gap\":\"small\",\"margin\":\"medium\",\"text_align\":\"center\"},\"children\":[{\"type\":\"button_item\",\"props\":{\"button_style\":\"danger\",\"content\":\"SCOPRI LA MAPPA\",\"icon_align\":\"left\",\"link\":\"index.php\\\/2022\\\/12\\\/05\\\/bonjour-tout-le-monde\\\/\",\"link_title\":\"\"}}]}]}],\"props\":{\"layout\":\"1-3,1-3,1-3\"}}]},{\"type\":\"section\",\"props\":{\"image_position\":\"center-center\",\"style\":\"default\",\"title_breakpoint\":\"xl\",\"title_position\":\"top-left\",\"title_rotation\":\"left\",\"vertical_align\":\"middle\",\"width\":\"default\"},\"children\":[{\"type\":\"row\",\"children\":[{\"type\":\"column\",\"props\":{\"image_position\":\"center-center\",\"media_overlay_gradient\":\"\",\"position_sticky_breakpoint\":\"m\"},\"children\":[]}]}]},{\"type\":\"section\",\"props\":{\"image_position\":\"center-center\",\"style\":\"default\",\"title_breakpoint\":\"xl\",\"title_position\":\"top-left\",\"title_rotation\":\"left\",\"vertical_align\":\"middle\",\"width\":\"default\"},\"children\":[{\"type\":\"row\",\"children\":[{\"type\":\"column\",\"props\":{\"image_position\":\"center-center\",\"media_overlay_gradient\":\"\",\"position_sticky_breakpoint\":\"m\",\"width_medium\":\"\"},\"children\":[{\"type\":\"headline\",\"props\":{\"block_align\":\"center\",\"content\":\"NEWS ED EVENTI\",\"link\":\"index.php\\\/news-ed-eventi\\\/\",\"maxwidth\":\"medium\",\"title_element\":\"h2\",\"title_style\":\"h3\"}},{\"type\":\"grid\",\"props\":{\"content_column_breakpoint\":\"m\",\"filter_align\":\"left\",\"filter_all\":true,\"filter_grid_breakpoint\":\"m\",\"filter_grid_width\":\"auto\",\"filter_position\":\"top\",\"filter_style\":\"tab\",\"grid_default\":\"1\",\"grid_medium\":\"3\",\"icon_width\":80,\"image_align\":\"top\",\"image_grid_breakpoint\":\"m\",\"image_grid_width\":\"1-2\",\"image_svg_color\":\"emphasis\",\"item_animation\":true,\"link_style\":\"danger\",\"link_text\":\"Read more\",\"margin\":\"default\",\"meta_align\":\"below-title\",\"meta_element\":\"div\",\"meta_style\":\"text-meta\",\"show_content\":true,\"show_image\":true,\"show_link\":true,\"show_meta\":true,\"show_title\":true,\"title_align\":\"top\",\"title_element\":\"h3\",\"title_grid_breakpoint\":\"m\",\"title_grid_width\":\"1-2\",\"title_hover_style\":\"reset\",\"title_style\":\"h4\"},\"children\":[{\"type\":\"grid_item\",\"props\":{\"link_text\":\"leggi l'articolo\"},\"source\":{\"query\":{\"name\":\"posts.customPosts\",\"arguments\":{\"terms\":[3],\"category_operator\":\"IN\",\"post_tag_operator\":\"IN\",\"users\":[],\"users_operator\":\"IN\",\"offset\":0,\"limit\":3,\"order\":\"date\",\"order_direction\":\"DESC\"}},\"props\":{\"title\":{\"filters\":{\"search\":\"\"},\"name\":\"title\"},\"image\":{\"filters\":{\"search\":\"\"},\"name\":\"featuredImage.url\"},\"link\":{\"filters\":{\"search\":\"\"},\"name\":\"link\"}}}}]}]}]}]},{\"type\":\"section\",\"props\":{\"animation\":\"slide-top\",\"image_position\":\"center-center\",\"padding_remove_bottom\":false,\"padding_remove_top\":false,\"style\":\"muted\",\"title_breakpoint\":\"xl\",\"title_position\":\"top-left\",\"title_rotation\":\"left\",\"vertical_align\":\"middle\",\"width\":\"\"},\"children\":[{\"name\":\"\",\"type\":\"row\",\"props\":{\"id\":\"event-wedding-couples\",\"layout\":\"1-3,1-3,1-3\",\"margin_remove_bottom\":true,\"match\":false,\"row_gap\":\"collapse\",\"vertical_align\":false,\"width\":\"expand\"},\"children\":[{\"name\":\"\",\"type\":\"column\",\"props\":{\"image_position\":\"center-center\",\"media_overlay_gradient\":\"\",\"position_sticky_breakpoint\":\"m\",\"vertical_align\":\"bottom\",\"width_medium\":\"1-4\",\"width_small\":\"1-2\"},\"children\":[]},{\"name\":\"\",\"type\":\"column\",\"props\":{\"image_position\":\"center-center\",\"media_overlay_gradient\":\"\",\"position_sticky_breakpoint\":\"m\",\"vertical_align\":\"middle\",\"width_medium\":\"expand\",\"width_small\":\"1-2\"},\"children\":[{\"type\":\"headline\",\"props\":{\"block_align\":\"center\",\"content\":\"COSA FACCIAMO\",\"maxwidth\":\"medium\",\"title_element\":\"h2\",\"title_style\":\"h3\"}}]},{\"type\":\"column\",\"props\":{\"image_position\":\"center-center\",\"media_overlay_gradient\":\"\",\"position_sticky_breakpoint\":\"m\",\"width_medium\":\"1-4\"},\"children\":[]}]},{\"name\":\"\",\"type\":\"row\",\"props\":{\"column_gap\":\"collapse\",\"layout\":\"1-3,1-3,1-3\",\"margin\":\"medium\",\"margin_remove_bottom\":true,\"match\":true,\"row_gap\":\"medium\",\"vertical_align\":false},\"children\":[{\"name\":\"\",\"type\":\"column\",\"props\":{\"image_position\":\"center-center\",\"media_overlay_gradient\":\"\",\"position_sticky_breakpoint\":\"m\",\"vertical_align\":\"middle\",\"width_medium\":\"1-3\"},\"children\":[{\"type\":\"image\",\"props\":{\"animation\":\"parallax\",\"container_padding_remove\":false,\"image\":\"wp-content\\\/uploads\\\/2022\\\/12\\\/CONTROLLO-VICINATO_2.jpg\",\"image_svg_color\":\"emphasis\",\"image_width\":\"1280\",\"margin\":\"default\",\"parallax_easing\":\"1\"}}]},{\"name\":\"\",\"type\":\"column\",\"props\":{\"image_position\":\"center-center\",\"media_overlay_gradient\":\"\",\"position_sticky_breakpoint\":\"m\",\"vertical_align\":\"middle\",\"width_medium\":\"1-3\"},\"children\":[{\"type\":\"image\",\"props\":{\"animation\":\"slide-bottom-medium\",\"image\":\"wp-content\\\/uploads\\\/2022\\\/12\\\/VICINI-DI-CASA.jpg\",\"image_height\":\"800\",\"image_svg_color\":\"emphasis\",\"image_width\":\"640\",\"margin\":\"default\",\"text_align\":\"center\"}}]},{\"type\":\"column\",\"props\":{\"image_position\":\"center-center\",\"media_overlay_gradient\":\"\",\"position_sticky_breakpoint\":\"m\",\"vertical_align\":\"middle\",\"width_medium\":\"1-3\"},\"children\":[{\"type\":\"image\",\"props\":{\"animation\":\"parallax\",\"container_padding_remove\":false,\"image\":\"wp-content\\\/uploads\\\/2022\\\/12\\\/ANZIANA-SOLA_2.jpg\",\"image_svg_color\":\"emphasis\",\"image_width\":\"800\",\"margin\":\"default\",\"parallax_easing\":\"1\",\"position_left\":\"0\",\"visibility\":\"m\"}}]}]},{\"name\":\"\",\"type\":\"row\",\"props\":{\"margin\":\"large\",\"margin_remove_bottom\":true,\"match\":true,\"row_gap\":\"medium\",\"vertical_align\":false,\"width\":\"default\"},\"children\":[{\"name\":\"\",\"type\":\"column\",\"props\":{\"image_position\":\"center-center\",\"media_overlay_gradient\":\"\",\"position_sticky_breakpoint\":\"m\",\"width_medium\":\"\"},\"children\":[{\"type\":\"grid\",\"props\":{\"animation\":\"slide-bottom-medium\",\"content_column_breakpoint\":\"m\",\"filter_align\":\"left\",\"filter_all\":true,\"filter_grid_breakpoint\":\"m\",\"filter_grid_width\":\"auto\",\"filter_position\":\"top\",\"filter_style\":\"tab\",\"grid_column_gap\":\"large\",\"grid_default\":\"1\",\"grid_large\":\"3\",\"grid_medium\":\"\",\"grid_row_gap\":\"large\",\"grid_xlarge\":\"3\",\"icon_width\":80,\"image_align\":\"top\",\"image_grid_breakpoint\":\"m\",\"image_grid_width\":\"1-2\",\"image_height\":\"90\",\"image_svg_color\":\"emphasis\",\"item_animation\":true,\"link_style\":\"default\",\"link_text\":\"Read more\",\"margin\":\"default\",\"meta_align\":\"below-title\",\"meta_element\":\"div\",\"meta_style\":\"text-meta\",\"parallax_easing\":\"1\",\"show_content\":true,\"show_image\":true,\"show_link\":true,\"show_meta\":true,\"show_title\":true,\"text_align\":\"center\",\"title_align\":\"top\",\"title_element\":\"h3\",\"title_grid_breakpoint\":\"m\",\"title_grid_width\":\"1-2\",\"title_hover_style\":\"reset\",\"title_style\":\"h4\"},\"children\":[{\"type\":\"grid_item\",\"props\":{\"content\":\"\n\n<p><span>Il Controllo del Vicinato aiuta i residenti ad individuare le vulnerabilit\\u00e0 ambientali, strutturali e comportamentali che rappresentano delle opportunit\\u00e0 per i malviventi.<\\\/span><\\\/p>\",\"image\":\"wp-content\\\/uploads\\\/2023\\\/01\\\/Risorsa-1xxxhdpi.png\",\"title\":\"INDIVIDUARE LE VULNERABILITA'\"}},{\"type\":\"grid_item\",\"props\":{\"content\":\"\n\n<p><span>Il Controllo del Vicinato riduce l\\u2019anonimato tra vicini e crea reti di protezione per i soggetti pi\\u00f9 vulnerabili quali <\\\/span><br \\\/><span>anziani e persone sole.<\\\/span><\\\/p>\",\"image\":\"wp-content\\\/uploads\\\/2023\\\/01\\\/Risorsa-1@3x.png\",\"title\":\"RETI DI PROTEZIONE\"}},{\"type\":\"grid_item\",\"props\":{\"content\":\"\n\n<p><span>Le truffe agli anziani sono un reato particolarmente odioso perch\\u00e9 colpiscono gli elementi pi\\u00f9 deboli e solo attraverso la partecipazione alla vita della comunit\\u00e0 si <\\\/span><br \\\/><span>possono fronteggiare questi reati.<\\\/span><\\\/p>\",\"image\":\"wp-content\\\/uploads\\\/2023\\\/01\\\/020-walking-stick.png\",\"title\":\"TRUFFE AGLI ANZIANI\"}}]}]}]}],\"name\":\"Event, Wedding & Couples Photography\"},{\"type\":\"section\",\"props\":{\"image_position\":\"center-center\",\"style\":\"default\",\"title_breakpoint\":\"xl\",\"title_position\":\"top-left\",\"title_rotation\":\"left\",\"vertical_align\":\"middle\",\"width\":\"default\"},\"children\":[{\"type\":\"row\",\"props\":{\"layout\":\"1-3,1-3,1-3\"},\"children\":[{\"type\":\"column\",\"props\":{\"image_position\":\"center-center\",\"media_overlay_gradient\":\"\",\"position_sticky_breakpoint\":\"m\",\"width_medium\":\"1-3\"},\"children\":[]},{\"type\":\"column\",\"props\":{\"image_position\":\"center-center\",\"media_overlay_gradient\":\"\",\"position_sticky_breakpoint\":\"m\",\"width_medium\":\"1-3\"},\"children\":[{\"type\":\"headline\",\"props\":{\"block_align\":\"center\",\"content\":\"I NOSTRI PARTNER\",\"maxwidth\":\"medium\",\"title_element\":\"h2\",\"title_style\":\"h3\"}}]},{\"type\":\"column\",\"props\":{\"image_position\":\"center-center\",\"media_overlay_gradient\":\"\",\"position_sticky_breakpoint\":\"m\",\"width_medium\":\"1-3\"},\"children\":[]}]},{\"type\":\"row\",\"props\":{\"layout\":\"1-2,1-2\"},\"children\":[{\"type\":\"column\",\"props\":{\"image_position\":\"center-center\",\"media_overlay_gradient\":\"\",\"position_sticky_breakpoint\":\"m\",\"width_medium\":\"1-2\"},\"children\":[{\"type\":\"image\",\"props\":{\"image\":\"wp-content\\\/uploads\\\/2023\\\/04\\\/LOGO-CITY-ANGELS-copia.png\",\"image_svg_color\":\"emphasis\",\"image_width\":\"120\",\"link\":\"https:\\\/\\\/cityangels.it\\\/\",\"link_target\":\"blank\",\"margin\":\"default\",\"text_align\":\"center\"}}]},{\"type\":\"column\",\"props\":{\"image_position\":\"center-center\",\"media_overlay_gradient\":\"\",\"position_sticky_breakpoint\":\"m\",\"width_medium\":\"1-2\"},\"children\":[{\"type\":\"image\",\"props\":{\"image\":\"wp-content\\\/uploads\\\/2023\\\/04\\\/CAMERA-CONDOMINIALE.jpg\",\"image_svg_color\":\"emphasis\",\"image_width\":\"300\",\"link\":\"https:\\\/\\\/cameracondominialevarese.it\\\/\",\"link_target\":\"blank\",\"margin\":\"default\",\"text_align\":\"center\"}}]}]}],\"name\":\"PARTNER\"}],\"version\":\"3.0.25\"} --><\/p>\n","protected":false},"excerpt":{"rendered":"<p>\u201cLa sicurezza di una comunit\u00e0 passa attraverso la coesione sociale, la presenza e la condivisione degli spazi pubblici&#8221; &#8220;La prima associazione ad aver portato in Italia un progetto di sicurezza partecipata&#8221; GRUPPI DI CONTROLLO DEL VICINATO I gruppi di Controllo del Vicinato sono costituiti sia da residenti che da commercianti che promuovono, collaborando con le [&hellip;]<\/p>\n","protected":false},"author":1,"featured_media":0,"parent":0,"menu_order":0,"comment_status":"closed","ping_status":"closed","template":"","meta":{"footnotes":""},"class_list":["post-67","page","type-page","status-publish","hentry"],"_links":{"self":[{"href":"https:\/\/sviluppo2.inspiresc.it\/index.php\/wp-json\/wp\/v2\/pages\/67","targetHints":{"allow":["GET"]}}],"collection":[{"href":"https:\/\/sviluppo2.inspiresc.it\/index.php\/wp-json\/wp\/v2\/pages"}],"about":[{"href":"https:\/\/sviluppo2.inspiresc.it\/index.php\/wp-json\/wp\/v2\/types\/page"}],"author":[{"embeddable":true,"href":"https:\/\/sviluppo2.inspiresc.it\/index.php\/wp-json\/wp\/v2\/users\/1"}],"replies":[{"embeddable":true,"href":"https:\/\/sviluppo2.inspiresc.it\/index.php\/wp-json\/wp\/v2\/comments?post=67"}],"version-history":[{"count":121,"href":"https:\/\/sviluppo2.inspiresc.it\/index.php\/wp-json\/wp\/v2\/pages\/67\/revisions"}],"predecessor-version":[{"id":1022,"href":"https:\/\/sviluppo2.inspiresc.it\/index.php\/wp-json\/wp\/v2\/pages\/67\/revisions\/1022"}],"wp:attachment":[{"href":"https:\/\/sviluppo2.inspiresc.it\/index.php\/wp-json\/wp\/v2\/media?parent=67"}],"curies":[{"name":"wp","href":"https:\/\/api.w.org\/{rel}","templated":true}]}}